{"id":16282,"date":"2026-03-09T22:16:52","date_gmt":"2026-03-09T22:16:52","guid":{"rendered":"https:\/\/www.vazy.market\/?post_type=product&#038;p=16282"},"modified":"2026-03-29T17:49:46","modified_gmt":"2026-03-29T17:49:46","slug":"maxbest-mb-m8-bluetooth-speaker-enceinte-portable-super-bass","status":"publish","type":"product","link":"https:\/\/www.vazy.market\/index.php\/product\/maxbest-mb-m8-bluetooth-speaker-enceinte-portable-super-bass\/","title":{"rendered":"\ud83d\udd0a Maxbest MB-M8 Bluetooth Speaker \u2013 Enceinte Portable Super Bass"},"content":{"rendered":"<div>\n<div class=\"flex h-svh w-screen flex-col\">\n<div class=\"relative z-0 flex min-h-0 w-full flex-1\">\n<div class=\"relative flex min-h-0 w-full flex-1\">\n<div class=\"@container\/main relative flex min-w-0 flex-1 flex-col -translate-y-[calc(env(safe-area-inset-bottom,0px)\/2)] pt-[calc(env(safe-area-inset-bottom,0px)\/2)]\">\n<div class=\"@w-sm\/main:[scrollbar-gutter:stable_both-edges] touch:[scrollbar-width:none] relative flex min-h-0 min-w-0 flex-1 flex-col [scrollbar-gutter:stable] not-print:overflow-x-clip not-print:overflow-y-auto scroll-pt-(--header-height) [--sticky-padding-top:var(--header-height)] has-data-[fixed-header=less-than-xl]:@w-xl\/main:scroll-pt-0 has-data-[fixed-header=less-than-xl]:@w-xl\/main:[--sticky-padding-top:0px] has-data-[fixed-header=less-than-xxl]:@w-2xl\/main:scroll-pt-0 has-data-[fixed-header=less-than-xxl]:@w-2xl\/main:[--sticky-padding-top:0px]\" data-scroll-root=\"\">\n<p>&nbsp;<\/p>\n<div id=\"thread\" class=\"group\/thread flex flex-col min-h-full\">\n<div class=\"composer-parent flex flex-1 flex-col focus-visible:outline-0\" role=\"presentation\">\n<div class=\"relative basis-auto flex-col -mb-(--composer-overlap-px) [--composer-overlap-px:28px] grow flex\">\n<div class=\"flex flex-col text-sm pb-25\">\n<article class=\"text-token-text-primary w-full focus:outline-none [--shadow-height:45px] has-data-writing-block:pointer-events-none has-data-writing-block:-mt-(--shadow-height) has-data-writing-block:pt-(--shadow-height) [&amp;:has([data-writing-block])&gt;*]:pointer-events-auto scroll-mt-[calc(var(--header-height)+min(200px,max(70px,20svh)))]\" dir=\"auto\" tabindex=\"-1\" data-turn-id=\"request-69add934-1d50-8332-91d7-d97a2ee2331f-10\" data-testid=\"conversation-turn-46\" data-scroll-anchor=\"true\" data-turn=\"assistant\">\n<div class=\"text-base my-auto mx-auto pb-10 [--thread-content-margin:var(--thread-content-margin-xs,calc(var(--spacing)*4))] @w-sm\/main:[--thread-content-margin:var(--thread-content-margin-sm,calc(var(--spacing)*6))] @w-lg\/main:[--thread-content-margin:var(--thread-content-margin-lg,calc(var(--spacing)*16))] px-(--thread-content-margin)\">\n<div class=\"[--thread-content-max-width:40rem] @w-lg\/main:[--thread-content-max-width:48rem] mx-auto max-w-(--thread-content-max-width) flex-1 group\/turn-messages focus-visible:outline-hidden relative flex w-full min-w-0 flex-col agent-turn\" tabindex=\"-1\">\n<div class=\"flex max-w-full flex-col gap-4 grow\">\n<div class=\"min-h-8 text-message relative flex w-full flex-col items-end gap-2 text-start break-words whitespace-normal [.text-message+&amp;]:mt-1\" dir=\"auto\" data-message-author-role=\"assistant\" data-message-id=\"6f8ea68b-cfb4-44d3-ac7e-2a5482365209\" data-message-model-slug=\"gpt-5-3\">\n<div class=\"flex w-full flex-col gap-1 empty:hidden\">\n<div class=\"markdown prose dark:prose-invert w-full wrap-break-word light markdown-new-styling\">\n<p data-start=\"74\" data-end=\"339\">Profitez d\u2019un <strong data-start=\"88\" data-end=\"113\">son puissant et clair<\/strong> avec l\u2019<strong data-start=\"121\" data-end=\"157\">enceinte Bluetooth Maxbest MB-M8<\/strong>. Con\u00e7ue pour offrir une excellente qualit\u00e9 audio dans un format compact, cette enceinte est id\u00e9ale pour <strong data-start=\"262\" data-end=\"338\">\u00e9couter de la musique \u00e0 la maison, au bureau ou lors de vos d\u00e9placements<\/strong>.<\/p>\n<p data-start=\"341\" data-end=\"569\">Gr\u00e2ce \u00e0 sa <strong data-start=\"352\" data-end=\"382\">connexion Bluetooth rapide<\/strong>, vous pouvez diffuser votre musique directement depuis votre smartphone, tablette ou ordinateur. Son <strong data-start=\"484\" data-end=\"524\">design moderne avec poign\u00e9e int\u00e9gr\u00e9e<\/strong> permet de la transporter facilement partout.<\/p>\n<p data-start=\"571\" data-end=\"698\">La <strong data-start=\"574\" data-end=\"591\">Maxbest MB-M8<\/strong> est parfaite pour cr\u00e9er une ambiance musicale lors de <strong data-start=\"646\" data-end=\"697\">petites soir\u00e9es, r\u00e9unions ou moments de d\u00e9tente<\/strong>.<\/p>\n<hr data-start=\"700\" data-end=\"703\" \/>\n<h1 data-section-id=\"gug16d\" data-start=\"705\" data-end=\"721\">\u2b50 Points forts<\/h1>\n<p data-start=\"723\" data-end=\"1040\">\u2714 \ud83d\udd0a <strong data-start=\"728\" data-end=\"767\">Son puissant avec basses am\u00e9lior\u00e9es<\/strong><br data-start=\"767\" data-end=\"770\" \/>\u2714 \ud83d\udcf6 <strong data-start=\"775\" data-end=\"815\">Connexion Bluetooth stable et rapide<\/strong><br data-start=\"815\" data-end=\"818\" \/>\u2714 \ud83c\udfb6 <strong data-start=\"823\" data-end=\"873\">Lecture via Bluetooth, USB et carte m\u00e9moire TF<\/strong><br data-start=\"873\" data-end=\"876\" \/>\u2714 \ud83d\udcfb <strong data-start=\"881\" data-end=\"902\">Radio FM int\u00e9gr\u00e9e<\/strong><br data-start=\"902\" data-end=\"905\" \/>\u2714 \ud83d\udd0b <strong data-start=\"910\" data-end=\"948\">Batterie rechargeable longue dur\u00e9e<\/strong><br data-start=\"948\" data-end=\"951\" \/>\u2714 \ud83e\uddf3 <strong data-start=\"956\" data-end=\"989\">Poign\u00e9e de transport int\u00e9gr\u00e9e<\/strong><br data-start=\"989\" data-end=\"992\" \/>\u2714 \ud83c\udf9b <strong data-start=\"997\" data-end=\"1040\">Commandes simples et faciles \u00e0 utiliser<\/strong><\/p>\n<hr data-start=\"1042\" data-end=\"1045\" \/>\n<h1 data-section-id=\"3iwtrv\" data-start=\"1047\" data-end=\"1063\">\ud83c\udfb5 Id\u00e9ale pour<\/h1>\n<ul data-start=\"1065\" data-end=\"1189\">\n<li data-section-id=\"w4uq6p\" data-start=\"1065\" data-end=\"1088\">\n<p data-start=\"1067\" data-end=\"1088\">Musique \u00e0 la maison<\/p>\n<\/li>\n<li data-section-id=\"1eorsbq\" data-start=\"1089\" data-end=\"1118\">\n<p data-start=\"1091\" data-end=\"1118\">Petites f\u00eates et r\u00e9unions<\/p>\n<\/li>\n<li data-section-id=\"1fk9bem\" data-start=\"1119\" data-end=\"1146\">\n<p data-start=\"1121\" data-end=\"1146\">Voyages et d\u00e9placements<\/p>\n<\/li>\n<li data-section-id=\"ohg1xw\" data-start=\"1147\" data-end=\"1168\">\n<p data-start=\"1149\" data-end=\"1168\">Bureau ou chambre<\/p>\n<\/li>\n<li data-section-id=\"ajp8o9\" data-start=\"1169\" data-end=\"1189\">\n<p data-start=\"1171\" data-end=\"1189\">Moments de d\u00e9tente<\/p>\n<\/li>\n<\/ul>\n<hr data-start=\"1191\" data-end=\"1194\" \/>\n<h1 data-section-id=\"1gx1fos\" data-start=\"1196\" data-end=\"1216\">\ud83d\udcca Fiche Technique<\/h1>\n<div class=\"TyagGW_tableContainer\">\n<div class=\"group TyagGW_tableWrapper flex flex-col-reverse w-fit\" tabindex=\"-1\">\n<table class=\"w-fit min-w-(--thread-content-width)\" data-start=\"1218\" data-end=\"1596\">\n<thead data-start=\"1218\" data-end=\"1247\">\n<tr data-start=\"1218\" data-end=\"1247\">\n<th class=\"\" data-start=\"1218\" data-end=\"1236\" data-col-size=\"sm\">Caract\u00e9ristique<\/th>\n<th class=\"\" data-start=\"1236\" data-end=\"1247\" data-col-size=\"sm\">D\u00e9tails<\/th>\n<\/tr>\n<\/thead>\n<tbody data-start=\"1258\" data-end=\"1596\">\n<tr data-start=\"1258\" data-end=\"1278\">\n<td data-start=\"1258\" data-end=\"1267\" data-col-size=\"sm\">Marque<\/td>\n<td data-start=\"1267\" data-end=\"1278\" data-col-size=\"sm\">Maxbest<\/td>\n<\/tr>\n<tr data-start=\"1279\" data-end=\"1301\">\n<td data-start=\"1279\" data-end=\"1288\" data-col-size=\"sm\">Mod\u00e8le<\/td>\n<td data-col-size=\"sm\" data-start=\"1288\" data-end=\"1301\"><strong data-start=\"1290\" data-end=\"1299\">MB-M8<\/strong><\/td>\n<\/tr>\n<tr data-start=\"1302\" data-end=\"1340\">\n<td data-start=\"1302\" data-end=\"1309\" data-col-size=\"sm\">Type<\/td>\n<td data-start=\"1309\" data-end=\"1340\" data-col-size=\"sm\">Enceinte Bluetooth portable<\/td>\n<\/tr>\n<tr data-start=\"1341\" data-end=\"1369\">\n<td data-start=\"1341\" data-end=\"1356\" data-col-size=\"sm\">Connectivit\u00e9<\/td>\n<td data-col-size=\"sm\" data-start=\"1356\" data-end=\"1369\">Bluetooth<\/td>\n<\/tr>\n<tr data-start=\"1370\" data-end=\"1419\">\n<td data-start=\"1370\" data-end=\"1389\" data-col-size=\"sm\">Modes de lecture<\/td>\n<td data-col-size=\"sm\" data-start=\"1389\" data-end=\"1419\">Bluetooth \/ USB \/ Carte TF<\/td>\n<\/tr>\n<tr data-start=\"1420\" data-end=\"1452\">\n<td data-start=\"1420\" data-end=\"1437\" data-col-size=\"sm\">Fonction radio<\/td>\n<td data-start=\"1437\" data-end=\"1452\" data-col-size=\"sm\">FM int\u00e9gr\u00e9e<\/td>\n<\/tr>\n<tr data-start=\"1453\" data-end=\"1489\">\n<td data-start=\"1453\" data-end=\"1464\" data-col-size=\"sm\">Batterie<\/td>\n<td data-start=\"1464\" data-end=\"1489\" data-col-size=\"sm\">Batterie rechargeable<\/td>\n<\/tr>\n<tr data-start=\"1490\" data-end=\"1525\">\n<td data-start=\"1490\" data-end=\"1502\" data-col-size=\"sm\">Commandes<\/td>\n<td data-start=\"1502\" data-end=\"1525\" data-col-size=\"sm\">Boutons de contr\u00f4le<\/td>\n<\/tr>\n<tr data-start=\"1526\" data-end=\"1558\">\n<td data-start=\"1526\" data-end=\"1538\" data-col-size=\"sm\">Transport<\/td>\n<td data-start=\"1538\" data-end=\"1558\" data-col-size=\"sm\">Poign\u00e9e int\u00e9gr\u00e9e<\/td>\n<\/tr>\n<tr data-start=\"1559\" data-end=\"1596\">\n<td data-start=\"1559\" data-end=\"1569\" data-col-size=\"sm\">Couleur<\/td>\n<td data-start=\"1569\" data-end=\"1596\" data-col-size=\"sm\">Noir \/ Bleu selon stock<\/td>\n<\/tr>\n<\/tbody>\n<\/table>\n<\/div>\n<\/div>\n<hr data-start=\"1598\" data-end=\"1601\" \/>\n<h1 data-section-id=\"yyyk90\" data-start=\"1603\" data-end=\"1621\">\ud83d\udce1 Compatibilit\u00e9<\/h1>\n<p data-start=\"1623\" data-end=\"1640\">Compatible avec :<\/p>\n<ul data-start=\"1642\" data-end=\"1749\">\n<li data-section-id=\"1rxl1vp\" data-start=\"1642\" data-end=\"1665\">\n<p data-start=\"1644\" data-end=\"1665\">Smartphones Android<\/p>\n<\/li>\n<li data-section-id=\"1fauvp9\" data-start=\"1666\" data-end=\"1676\">\n<p data-start=\"1668\" data-end=\"1676\">iPhone<\/p>\n<\/li>\n<li data-section-id=\"1x4w8bk\" data-start=\"1677\" data-end=\"1690\">\n<p data-start=\"1679\" data-end=\"1690\">Tablettes<\/p>\n<\/li>\n<li data-section-id=\"a2buoi\" data-start=\"1691\" data-end=\"1716\">\n<p data-start=\"1693\" data-end=\"1716\">Ordinateurs portables<\/p>\n<\/li>\n<li data-section-id=\"arffa1\" data-start=\"1717\" data-end=\"1729\">\n<p data-start=\"1719\" data-end=\"1729\">Cl\u00e9s USB<\/p>\n<\/li>\n<li data-section-id=\"1tvwmcw\" data-start=\"1730\" data-end=\"1749\">\n<p data-start=\"1732\" data-end=\"1749\">Cartes m\u00e9moire TF<\/p>\n<\/li>\n<\/ul>\n<hr data-start=\"1751\" data-end=\"1754\" \/>\n<h1 data-section-id=\"6f7tr2\" data-start=\"1756\" data-end=\"1777\">\ud83d\udce6 Contenu du colis<\/h1>\n<ul data-start=\"1779\" data-end=\"1877\">\n<li data-section-id=\"pdh4w\" data-start=\"1779\" data-end=\"1822\">\n<p data-start=\"1781\" data-end=\"1822\">1 \u00d7 <strong data-start=\"1785\" data-end=\"1820\">Maxbest MB-M8 Bluetooth Speaker<\/strong><\/p>\n<\/li>\n<li data-section-id=\"1ujm9xk\" data-start=\"1823\" data-end=\"1848\">\n<p data-start=\"1825\" data-end=\"1848\">1 \u00d7 C\u00e2ble de recharge<\/p>\n<\/li>\n<li data-section-id=\"euolri\" data-start=\"1849\" data-end=\"1877\">\n<p data-start=\"1851\" data-end=\"1877\">1 \u00d7 Manuel d\u2019utilisation<\/p>\n<\/li>\n<\/ul>\n<hr data-start=\"1961\" data-end=\"1964\" \/>\n<p data-start=\"1966\" data-end=\"2098\" data-is-last-node=\"\" data-is-only-node=\"\">\ud83d\udd25 <strong data-start=\"1969\" data-end=\"2043\">Une enceinte portable pratique pour profiter de votre musique partout.<\/strong><br data-start=\"2043\" data-end=\"2046\" \/><strong data-start=\"2046\" data-end=\"2093\">Commandez d\u00e8s maintenant la Maxbest MB-M8 !<\/strong> \ud83d\udd0a\ud83c\udfb6<\/p>\n<\/div>\n<\/div>\n<\/div>\n<\/div>\n<div class=\"z-0 flex min-h-[46px] justify-start\"><\/div>\n<\/div>\n<\/div>\n<\/article>\n<\/div>\n<\/div>\n<div id=\"thread-bottom-container\" class=\"sticky bottom-0 group\/thread-bottom-container relative isolate z-10 w-full basis-auto has-data-has-thread-error:pt-2 has-data-has-thread-error:[box-shadow:var(--sharp-edge-bottom-shadow)] md:border-transparent md:pt-0 dark:border-white\/20 md:dark:border-transparent print:hidden content-fade single-line flex flex-col\">\n<div class=\"-mt-4 text-token-text-secondary relative w-full overflow-hidden text-center text-xs [view-transition-name:var(--vt-disclaimer)] md:px-[60px]\"><\/div>\n<\/div>\n<\/div>\n<\/div>\n<p>&nbsp;<\/p>\n<\/div>\n<\/div>\n<\/div>\n<\/div>\n<div><\/div>\n<\/div>\n<\/div>\n","protected":false},"excerpt":{"rendered":"<p>&nbsp; Profitez d\u2019un son puissant et clair avec l\u2019enceinte Bluetooth Maxbest MB-M8. Con\u00e7ue pour offrir une excellente qualit\u00e9 audio dans un format compact, cette enceinte est id\u00e9ale pour \u00e9couter de la musique \u00e0 la maison, au bureau ou lors de vos d\u00e9placements. Gr\u00e2ce \u00e0 sa connexion Bluetooth rapide, vous pouvez diffuser votre musique directement depuis&hellip;<\/p>\n","protected":false},"featured_media":16284,"comment_status":"open","ping_status":"closed","template":"","meta":[],"product_cat":[92,128],"product_tag":[],"class_list":{"0":"post-16282","1":"product","2":"type-product","3":"status-publish","4":"has-post-thumbnail","6":"product_cat-audio","7":"product_cat-woofer","9":"first","10":"instock","11":"sale","12":"shipping-taxable","13":"purchasable","14":"product-type-simple","15":"col-xs-6 col-sm-4","16":"col-md-3 col-lg-3","17":"un-4-cols"},"_links":{"self":[{"href":"https:\/\/www.vazy.market\/index.php\/wp-json\/wp\/v2\/product\/16282","targetHints":{"allow":["GET"]}}],"collection":[{"href":"https:\/\/www.vazy.market\/index.php\/wp-json\/wp\/v2\/product"}],"about":[{"href":"https:\/\/www.vazy.market\/index.php\/wp-json\/wp\/v2\/types\/product"}],"replies":[{"embeddable":true,"href":"https:\/\/www.vazy.market\/index.php\/wp-json\/wp\/v2\/comments?post=16282"}],"wp:featuredmedia":[{"embeddable":true,"href":"https:\/\/www.vazy.market\/index.php\/wp-json\/wp\/v2\/media\/16284"}],"wp:attachment":[{"href":"https:\/\/www.vazy.market\/index.php\/wp-json\/wp\/v2\/media?parent=16282"}],"wp:term":[{"taxonomy":"product_cat","embeddable":true,"href":"https:\/\/www.vazy.market\/index.php\/wp-json\/wp\/v2\/product_cat?post=16282"},{"taxonomy":"product_tag","embeddable":true,"href":"https:\/\/www.vazy.market\/index.php\/wp-json\/wp\/v2\/product_tag?post=16282"}],"curies":[{"name":"wp","href":"https:\/\/api.w.org\/{rel}","templated":true}]}}