{"id":16271,"date":"2026-03-09T21:57:20","date_gmt":"2026-03-09T21:57:20","guid":{"rendered":"https:\/\/www.vazy.market\/?post_type=product&#038;p=16271"},"modified":"2026-03-29T17:49:46","modified_gmt":"2026-03-29T17:49:46","slug":"portable-loudspeaker-c35-enceinte-bluetooth-portable","status":"publish","type":"product","link":"https:\/\/www.vazy.market\/index.php\/product\/portable-loudspeaker-c35-enceinte-bluetooth-portable\/","title":{"rendered":"\ud83d\udd0a Portable Loudspeaker C35 \u2013 Enceinte Bluetooth Portable"},"content":{"rendered":"<div class=\"flex h-svh w-screen flex-col\">\n<div class=\"relative z-0 flex min-h-0 w-full flex-1\">\n<div class=\"relative flex min-h-0 w-full flex-1\">\n<div class=\"@container\/main relative flex min-w-0 flex-1 flex-col -translate-y-[calc(env(safe-area-inset-bottom,0px)\/2)] pt-[calc(env(safe-area-inset-bottom,0px)\/2)]\">\n<div class=\"@w-sm\/main:[scrollbar-gutter:stable_both-edges] touch:[scrollbar-width:none] relative flex min-h-0 min-w-0 flex-1 flex-col [scrollbar-gutter:stable] not-print:overflow-x-clip not-print:overflow-y-auto scroll-pt-(--header-height) [--sticky-padding-top:var(--header-height)] has-data-[fixed-header=less-than-xl]:@w-xl\/main:scroll-pt-0 has-data-[fixed-header=less-than-xl]:@w-xl\/main:[--sticky-padding-top:0px] has-data-[fixed-header=less-than-xxl]:@w-2xl\/main:scroll-pt-0 has-data-[fixed-header=less-than-xxl]:@w-2xl\/main:[--sticky-padding-top:0px]\" data-scroll-root=\"\"><main id=\"main\" class=\"min-h-0 flex-1\"><\/p>\n<div id=\"thread\" class=\"group\/thread flex flex-col min-h-full\">\n<div class=\"composer-parent flex flex-1 flex-col focus-visible:outline-0\" role=\"presentation\">\n<div class=\"relative basis-auto flex-col -mb-(--composer-overlap-px) [--composer-overlap-px:28px] grow flex\">\n<div class=\"flex flex-col text-sm pb-25\">\n<article class=\"text-token-text-primary w-full focus:outline-none [--shadow-height:45px] has-data-writing-block:pointer-events-none has-data-writing-block:-mt-(--shadow-height) has-data-writing-block:pt-(--shadow-height) [&amp;:has([data-writing-block])&gt;*]:pointer-events-auto scroll-mt-[calc(var(--header-height)+min(200px,max(70px,20svh)))]\" dir=\"auto\" tabindex=\"-1\" data-turn-id=\"request-69add934-1d50-8332-91d7-d97a2ee2331f-8\" data-testid=\"conversation-turn-42\" data-scroll-anchor=\"true\" data-turn=\"assistant\">\n<div class=\"text-base my-auto mx-auto pb-10 [--thread-content-margin:var(--thread-content-margin-xs,calc(var(--spacing)*4))] @w-sm\/main:[--thread-content-margin:var(--thread-content-margin-sm,calc(var(--spacing)*6))] @w-lg\/main:[--thread-content-margin:var(--thread-content-margin-lg,calc(var(--spacing)*16))] px-(--thread-content-margin)\">\n<div class=\"[--thread-content-max-width:40rem] @w-lg\/main:[--thread-content-max-width:48rem] mx-auto max-w-(--thread-content-max-width) flex-1 group\/turn-messages focus-visible:outline-hidden relative flex w-full min-w-0 flex-col agent-turn\" tabindex=\"-1\">\n<div class=\"flex max-w-full flex-col gap-4 grow\">\n<div class=\"min-h-8 text-message relative flex w-full flex-col items-end gap-2 text-start break-words whitespace-normal [.text-message+&amp;]:mt-1\" dir=\"auto\" data-message-author-role=\"assistant\" data-message-id=\"8e9bae86-3023-4003-b8ca-259967e71918\" data-message-model-slug=\"gpt-5-3\">\n<div class=\"flex w-full flex-col gap-1 empty:hidden\">\n<div class=\"markdown prose dark:prose-invert w-full wrap-break-word light markdown-new-styling\">\n<p data-start=\"66\" data-end=\"335\">Profitez d\u2019un <strong data-start=\"80\" data-end=\"128\">son clair et puissant dans un design \u00e9l\u00e9gant<\/strong> avec l\u2019<strong data-start=\"136\" data-end=\"173\">enceinte Portable Loudspeaker C35<\/strong>. Con\u00e7ue pour offrir une exp\u00e9rience sonore immersive, cette enceinte est id\u00e9ale pour \u00e9couter de la musique <strong data-start=\"280\" data-end=\"334\">\u00e0 la maison, au bureau ou lors de vos d\u00e9placements<\/strong>.<\/p>\n<p data-start=\"337\" data-end=\"605\">Gr\u00e2ce \u00e0 sa <strong data-start=\"348\" data-end=\"378\">connexion Bluetooth rapide<\/strong>, vous pouvez diffuser votre musique depuis votre smartphone, tablette ou ordinateur en quelques secondes. Son <strong data-start=\"489\" data-end=\"518\">design compact et moderne<\/strong> s\u2019int\u00e8gre parfaitement dans n\u2019importe quel espace tout en d\u00e9livrant un son de qualit\u00e9.<\/p>\n<hr data-start=\"607\" data-end=\"610\" \/>\n<h1 data-section-id=\"gug16d\" data-start=\"612\" data-end=\"628\">\u2b50 Points forts<\/h1>\n<p data-start=\"630\" data-end=\"938\">\u2714 \ud83d\udd0a <strong data-start=\"635\" data-end=\"681\">Son st\u00e9r\u00e9o puissant avec basses am\u00e9lior\u00e9es<\/strong><br data-start=\"681\" data-end=\"684\" \/>\u2714 \ud83d\udcf6 <strong data-start=\"689\" data-end=\"729\">Connexion Bluetooth stable et rapide<\/strong><br data-start=\"729\" data-end=\"732\" \/>\u2714 \ud83d\udd0b <strong data-start=\"737\" data-end=\"790\">Batterie rechargeable pour une utilisation mobile<\/strong><br data-start=\"790\" data-end=\"793\" \/>\u2714 \ud83c\udfb6 <strong data-start=\"798\" data-end=\"851\">Lecture via Bluetooth, carte m\u00e9moire ou c\u00e2ble AUX<\/strong><br data-start=\"851\" data-end=\"854\" \/>\u2714 \ud83c\udf9b <strong data-start=\"859\" data-end=\"891\">Boutons de contr\u00f4le int\u00e9gr\u00e9s<\/strong><br data-start=\"891\" data-end=\"894\" \/>\u2714 \ud83e\uddf3 <strong data-start=\"899\" data-end=\"938\">Format compact facile \u00e0 transporter<\/strong><\/p>\n<hr data-start=\"940\" data-end=\"943\" \/>\n<h1 data-section-id=\"xsjnjy\" data-start=\"945\" data-end=\"960\">\ud83c\udfb5 Id\u00e9al pour<\/h1>\n<ul data-start=\"962\" data-end=\"1076\">\n<li data-section-id=\"w4uq6p\" data-start=\"962\" data-end=\"985\">\n<p data-start=\"964\" data-end=\"985\">Musique \u00e0 la maison<\/p>\n<\/li>\n<li data-section-id=\"ohg1xw\" data-start=\"986\" data-end=\"1007\">\n<p data-start=\"988\" data-end=\"1007\">Bureau ou chambre<\/p>\n<\/li>\n<li data-section-id=\"bntc7u\" data-start=\"1008\" data-end=\"1027\">\n<p data-start=\"1010\" data-end=\"1027\">Petites soir\u00e9es<\/p>\n<\/li>\n<li data-section-id=\"1fk9bem\" data-start=\"1028\" data-end=\"1055\">\n<p data-start=\"1030\" data-end=\"1055\">Voyages et d\u00e9placements<\/p>\n<\/li>\n<li data-section-id=\"ajp8o9\" data-start=\"1056\" data-end=\"1076\">\n<p data-start=\"1058\" data-end=\"1076\">Moments de d\u00e9tente<\/p>\n<\/li>\n<\/ul>\n<hr data-start=\"1078\" data-end=\"1081\" \/>\n<h1 data-section-id=\"1gx1fos\" data-start=\"1083\" data-end=\"1103\">\ud83d\udcca Fiche Technique<\/h1>\n<div class=\"TyagGW_tableContainer\">\n<div class=\"group TyagGW_tableWrapper flex flex-col-reverse w-fit\" tabindex=\"-1\">\n<table class=\"w-fit min-w-(--thread-content-width)\" data-start=\"1105\" data-end=\"1485\">\n<thead data-start=\"1105\" data-end=\"1134\">\n<tr data-start=\"1105\" data-end=\"1134\">\n<th class=\"\" data-start=\"1105\" data-end=\"1123\" data-col-size=\"sm\">Caract\u00e9ristique<\/th>\n<th class=\"\" data-start=\"1123\" data-end=\"1134\" data-col-size=\"sm\">D\u00e9tails<\/th>\n<\/tr>\n<\/thead>\n<tbody data-start=\"1145\" data-end=\"1485\">\n<tr data-start=\"1145\" data-end=\"1165\">\n<td data-start=\"1145\" data-end=\"1154\" data-col-size=\"sm\">Mod\u00e8le<\/td>\n<td data-start=\"1154\" data-end=\"1165\" data-col-size=\"sm\"><strong data-start=\"1156\" data-end=\"1163\">C35<\/strong><\/td>\n<\/tr>\n<tr data-start=\"1166\" data-end=\"1204\">\n<td data-start=\"1166\" data-end=\"1173\" data-col-size=\"sm\">Type<\/td>\n<td data-start=\"1173\" data-end=\"1204\" data-col-size=\"sm\">Enceinte Bluetooth portable<\/td>\n<\/tr>\n<tr data-start=\"1205\" data-end=\"1233\">\n<td data-start=\"1205\" data-end=\"1220\" data-col-size=\"sm\">Connectivit\u00e9<\/td>\n<td data-start=\"1220\" data-end=\"1233\" data-col-size=\"sm\">Bluetooth<\/td>\n<\/tr>\n<tr data-start=\"1234\" data-end=\"1288\">\n<td data-start=\"1234\" data-end=\"1253\" data-col-size=\"sm\">Modes de lecture<\/td>\n<td data-start=\"1253\" data-end=\"1288\" data-col-size=\"sm\">Bluetooth \/ AUX \/ carte m\u00e9moire<\/td>\n<\/tr>\n<tr data-start=\"1289\" data-end=\"1325\">\n<td data-start=\"1289\" data-end=\"1300\" data-col-size=\"sm\">Batterie<\/td>\n<td data-start=\"1300\" data-end=\"1325\" data-col-size=\"sm\">Batterie rechargeable<\/td>\n<\/tr>\n<tr data-start=\"1326\" data-end=\"1357\">\n<td data-start=\"1326\" data-end=\"1337\" data-col-size=\"sm\">Contr\u00f4le<\/td>\n<td data-start=\"1337\" data-end=\"1357\" data-col-size=\"sm\">Boutons int\u00e9gr\u00e9s<\/td>\n<\/tr>\n<tr data-start=\"1358\" data-end=\"1393\">\n<td data-start=\"1358\" data-end=\"1369\" data-col-size=\"sm\">Mat\u00e9riau<\/td>\n<td data-start=\"1369\" data-end=\"1393\" data-col-size=\"sm\">ABS + grille textile<\/td>\n<\/tr>\n<tr data-start=\"1394\" data-end=\"1444\">\n<td data-start=\"1394\" data-end=\"1417\" data-col-size=\"sm\">Couleurs disponibles<\/td>\n<td data-start=\"1417\" data-end=\"1444\" data-col-size=\"sm\"><strong data-start=\"1419\" data-end=\"1442\">Noir \/ Rouge \/ Bleu<\/strong><\/td>\n<\/tr>\n<tr data-start=\"1445\" data-end=\"1485\">\n<td data-start=\"1445\" data-end=\"1459\" data-col-size=\"sm\">Utilisation<\/td>\n<td data-start=\"1459\" data-end=\"1485\" data-col-size=\"sm\">Maison, bureau, voyage<\/td>\n<\/tr>\n<\/tbody>\n<\/table>\n<\/div>\n<\/div>\n<hr data-start=\"1487\" data-end=\"1490\" \/>\n<h1 data-section-id=\"yyyk90\" data-start=\"1492\" data-end=\"1510\">\ud83d\udce1 Compatibilit\u00e9<\/h1>\n<p data-start=\"1512\" data-end=\"1529\">Compatible avec :<\/p>\n<ul data-start=\"1531\" data-end=\"1629\">\n<li data-section-id=\"1rxl1vp\" data-start=\"1531\" data-end=\"1554\">\n<p data-start=\"1533\" data-end=\"1554\">Smartphones Android<\/p>\n<\/li>\n<li data-section-id=\"1fauvp9\" data-start=\"1555\" data-end=\"1565\">\n<p data-start=\"1557\" data-end=\"1565\">iPhone<\/p>\n<\/li>\n<li data-section-id=\"1x4w8bk\" data-start=\"1566\" data-end=\"1579\">\n<p data-start=\"1568\" data-end=\"1579\">Tablettes<\/p>\n<\/li>\n<li data-section-id=\"a2buoi\" data-start=\"1580\" data-end=\"1605\">\n<p data-start=\"1582\" data-end=\"1605\">Ordinateurs portables<\/p>\n<\/li>\n<li data-section-id=\"wz66or\" data-start=\"1606\" data-end=\"1629\">\n<p data-start=\"1608\" data-end=\"1629\">T\u00e9l\u00e9viseurs Bluetooth<\/p>\n<\/li>\n<\/ul>\n<hr data-start=\"1631\" data-end=\"1634\" \/>\n<h1 data-section-id=\"6f7tr2\" data-start=\"1636\" data-end=\"1657\">\ud83d\udce6 Contenu du colis<\/h1>\n<ul data-start=\"1659\" data-end=\"1778\">\n<li data-section-id=\"j369\" data-start=\"1659\" data-end=\"1695\">\n<p data-start=\"1661\" data-end=\"1695\">1 \u00d7 <strong data-start=\"1665\" data-end=\"1693\">Portable Loudspeaker C35<\/strong><\/p>\n<\/li>\n<li data-section-id=\"uf068c\" data-start=\"1696\" data-end=\"1725\">\n<p data-start=\"1698\" data-end=\"1725\">1 \u00d7 C\u00e2ble de recharge USB<\/p>\n<\/li>\n<li data-section-id=\"1x4ouxq\" data-start=\"1726\" data-end=\"1749\">\n<p data-start=\"1728\" data-end=\"1749\">1 \u00d7 C\u00e2ble audio AUX<\/p>\n<\/li>\n<li data-section-id=\"euolri\" data-start=\"1750\" data-end=\"1778\">\n<p data-start=\"1752\" data-end=\"1778\">1 \u00d7 Manuel d\u2019utilisation<\/p>\n<\/li>\n<\/ul>\n<hr data-start=\"1855\" data-end=\"1858\" \/>\n<p data-start=\"1860\" data-end=\"2015\" data-is-last-node=\"\" data-is-only-node=\"\">\ud83d\udd25 <strong data-start=\"1863\" data-end=\"1949\">Une enceinte compacte avec un son puissant pour profiter de votre musique partout.<\/strong><br data-start=\"1949\" data-end=\"1952\" \/><strong data-start=\"1952\" data-end=\"2010\">Commandez d\u00e8s maintenant la Portable Loudspeaker C35 !<\/strong> \ud83d\udd0a\ud83c\udfb6<\/p>\n<\/div>\n<\/div>\n<\/div>\n<\/div>\n<div class=\"z-0 flex min-h-[46px] justify-start\"><\/div>\n<\/div>\n<\/div>\n<\/article>\n<\/div>\n<\/div>\n<\/div>\n<\/div>\n<p><\/main><\/div>\n<\/div>\n<\/div>\n<\/div>\n<\/div>\n","protected":false},"excerpt":{"rendered":"<p>Profitez d\u2019un son clair et puissant dans un design \u00e9l\u00e9gant avec l\u2019enceinte Portable Loudspeaker C35. Con\u00e7ue pour offrir une exp\u00e9rience sonore immersive, cette enceinte est id\u00e9ale pour \u00e9couter de la musique \u00e0 la maison, au bureau ou lors de vos d\u00e9placements. Gr\u00e2ce \u00e0 sa connexion Bluetooth rapide, vous pouvez diffuser votre musique depuis votre smartphone,&hellip;<\/p>\n","protected":false},"featured_media":16273,"comment_status":"open","ping_status":"closed","template":"","meta":[],"product_cat":[92,128],"product_tag":[],"class_list":{"0":"post-16271","1":"product","2":"type-product","3":"status-publish","4":"has-post-thumbnail","6":"product_cat-audio","7":"product_cat-woofer","9":"first","10":"instock","11":"sale","12":"shipping-taxable","13":"purchasable","14":"product-type-simple","15":"col-xs-6 col-sm-4","16":"col-md-3 col-lg-3","17":"un-4-cols"},"_links":{"self":[{"href":"https:\/\/www.vazy.market\/index.php\/wp-json\/wp\/v2\/product\/16271","targetHints":{"allow":["GET"]}}],"collection":[{"href":"https:\/\/www.vazy.market\/index.php\/wp-json\/wp\/v2\/product"}],"about":[{"href":"https:\/\/www.vazy.market\/index.php\/wp-json\/wp\/v2\/types\/product"}],"replies":[{"embeddable":true,"href":"https:\/\/www.vazy.market\/index.php\/wp-json\/wp\/v2\/comments?post=16271"}],"wp:featuredmedia":[{"embeddable":true,"href":"https:\/\/www.vazy.market\/index.php\/wp-json\/wp\/v2\/media\/16273"}],"wp:attachment":[{"href":"https:\/\/www.vazy.market\/index.php\/wp-json\/wp\/v2\/media?parent=16271"}],"wp:term":[{"taxonomy":"product_cat","embeddable":true,"href":"https:\/\/www.vazy.market\/index.php\/wp-json\/wp\/v2\/product_cat?post=16271"},{"taxonomy":"product_tag","embeddable":true,"href":"https:\/\/www.vazy.market\/index.php\/wp-json\/wp\/v2\/product_tag?post=16271"}],"curies":[{"name":"wp","href":"https:\/\/api.w.org\/{rel}","templated":true}]}}