{"id":16255,"date":"2026-03-09T21:16:13","date_gmt":"2026-03-09T21:16:13","guid":{"rendered":"https:\/\/www.vazy.market\/?post_type=product&#038;p=16255"},"modified":"2026-04-06T04:08:49","modified_gmt":"2026-04-06T04:08:49","slug":"5g-lte-wireless-modem-wifi-pro-portable-mobile-router","status":"publish","type":"product","link":"https:\/\/www.vazy.market\/index.php\/product\/5g-lte-wireless-modem-wifi-pro-portable-mobile-router\/","title":{"rendered":"5G LTE Wireless Modem WiFi Pro \u2013 Portable Mobile Router"},"content":{"rendered":"<div class=\"flex flex-col text-sm pb-25\">\n<article class=\"text-token-text-primary w-full focus:outline-none [--shadow-height:45px] has-data-writing-block:pointer-events-none has-data-writing-block:-mt-(--shadow-height) has-data-writing-block:pt-(--shadow-height) [&amp;:has([data-writing-block])&gt;*]:pointer-events-auto scroll-mt-[calc(var(--header-height)+min(200px,max(70px,20svh)))]\" dir=\"auto\" tabindex=\"-1\" data-turn-id=\"request-69add934-1d50-8332-91d7-d97a2ee2331f-4\" data-testid=\"conversation-turn-34\" data-scroll-anchor=\"true\" data-turn=\"assistant\">\n<div class=\"text-base my-auto mx-auto pb-10 [--thread-content-margin:var(--thread-content-margin-xs,calc(var(--spacing)*4))] @w-sm\/main:[--thread-content-margin:var(--thread-content-margin-sm,calc(var(--spacing)*6))] @w-lg\/main:[--thread-content-margin:var(--thread-content-margin-lg,calc(var(--spacing)*16))] px-(--thread-content-margin)\">\n<div class=\"[--thread-content-max-width:40rem] @w-lg\/main:[--thread-content-max-width:48rem] mx-auto max-w-(--thread-content-max-width) flex-1 group\/turn-messages focus-visible:outline-hidden relative flex w-full min-w-0 flex-col agent-turn\" tabindex=\"-1\">\n<div class=\"flex max-w-full flex-col gap-4 grow\">\n<div class=\"min-h-8 text-message relative flex w-full flex-col items-end gap-2 text-start break-words whitespace-normal [.text-message+&amp;]:mt-1\" dir=\"auto\" data-message-author-role=\"assistant\" data-message-id=\"0b741e6d-cd8c-499b-b645-689106c56bdc\" data-message-model-slug=\"gpt-5-3\">\n<div class=\"flex w-full flex-col gap-1 empty:hidden\">\n<div class=\"markdown prose dark:prose-invert w-full wrap-break-word light markdown-new-styling\">\n<p data-start=\"70\" data-end=\"318\">Acc\u00e9dez \u00e0 <strong data-start=\"80\" data-end=\"113\">internet ultra rapide partout<\/strong> gr\u00e2ce au <strong data-start=\"123\" data-end=\"166\">Routeur WiFi Portable 5G Modem WiFi Pro<\/strong>. Cet appareil compact transforme instantan\u00e9ment votre <strong data-start=\"221\" data-end=\"258\">carte SIM en r\u00e9seau WiFi puissant<\/strong>, permettant de connecter plusieurs appareils simultan\u00e9ment.<\/p>\n<p data-start=\"320\" data-end=\"517\">Parfait pour <strong data-start=\"333\" data-end=\"402\">la maison, les voyages, le bureau, les \u00e9tudiants ou les commerces<\/strong>, ce modem vous offre une <strong data-start=\"428\" data-end=\"489\">connexion tr\u00e8s rapide pouvant atteindre jusqu\u2019\u00e0 3000 Mbps<\/strong> selon le r\u00e9seau disponible.<\/p>\n<p data-start=\"519\" data-end=\"690\">Gr\u00e2ce \u00e0 sa <strong data-start=\"530\" data-end=\"574\">compatibilit\u00e9 avec toutes les cartes SIM<\/strong> et sa <strong data-start=\"581\" data-end=\"621\">batterie rechargeable via USB Type-C<\/strong>, vous pouvez profiter d\u2019un r\u00e9seau internet stable o\u00f9 que vous soyez.<\/p>\n<hr data-start=\"692\" data-end=\"695\" \/>\n<h1 data-section-id=\"1i1zar6\" data-start=\"697\" data-end=\"736\">\u2b50 Pourquoi choisir ce routeur WiFi 5G<\/h1>\n<p data-start=\"738\" data-end=\"1096\">\u2714 \ud83d\ude80 <strong data-start=\"743\" data-end=\"787\">Connexion ultra rapide jusqu\u2019\u00e0 3000 Mbps<\/strong><br data-start=\"787\" data-end=\"790\" \/>\u2714 \ud83d\udcf6 <strong data-start=\"795\" data-end=\"828\">Compatible r\u00e9seau 5G \/ 4G LTE<\/strong><br data-start=\"828\" data-end=\"831\" \/>\u2714 \ud83d\udcf1 <strong data-start=\"836\" data-end=\"895\">Fonctionne avec toutes les cartes SIM (tous op\u00e9rateurs)<\/strong><br data-start=\"895\" data-end=\"898\" \/>\u2714 \ud83d\udc65 <strong data-start=\"903\" data-end=\"950\">Connexion simultan\u00e9e de plusieurs appareils<\/strong><br data-start=\"950\" data-end=\"953\" \/>\u2714 \ud83d\udd0b <strong data-start=\"958\" data-end=\"1007\">Batterie rechargeable pour utilisation mobile<\/strong><br data-start=\"1007\" data-end=\"1010\" \/>\u2714 \ud83d\udd0c <strong data-start=\"1015\" data-end=\"1049\">Recharge rapide via USB Type-C<\/strong><br data-start=\"1049\" data-end=\"1052\" \/>\u2714 \ud83e\uddf3 <strong data-start=\"1057\" data-end=\"1096\">Format compact facile \u00e0 transporter<\/strong><\/p>\n<hr data-start=\"1098\" data-end=\"1101\" \/>\n<h1 data-section-id=\"uqf46d\" data-start=\"1103\" data-end=\"1128\">\ud83c\udf10 Utilisations id\u00e9ales<\/h1>\n<ul data-start=\"1130\" data-end=\"1285\">\n<li data-section-id=\"1b1nxcv\" data-start=\"1130\" data-end=\"1153\">\n<p data-start=\"1132\" data-end=\"1153\">Internet \u00e0 domicile<\/p>\n<\/li>\n<li data-section-id=\"1tmio1c\" data-start=\"1154\" data-end=\"1176\">\n<p data-start=\"1156\" data-end=\"1176\">Bureau et commerce<\/p>\n<\/li>\n<li data-section-id=\"4m6pfp\" data-start=\"1177\" data-end=\"1192\">\n<p data-start=\"1179\" data-end=\"1192\">T\u00e9l\u00e9travail<\/p>\n<\/li>\n<li data-section-id=\"njuix4\" data-start=\"1193\" data-end=\"1220\">\n<p data-start=\"1195\" data-end=\"1220\">\u00c9tudiants et e-learning<\/p>\n<\/li>\n<li data-section-id=\"1fk9bem\" data-start=\"1221\" data-end=\"1248\">\n<p data-start=\"1223\" data-end=\"1248\">Voyages et d\u00e9placements<\/p>\n<\/li>\n<li data-section-id=\"6cvui\" data-start=\"1249\" data-end=\"1285\">\n<p data-start=\"1251\" data-end=\"1285\">Zones sans connexion internet fixe<\/p>\n<\/li>\n<\/ul>\n<hr data-start=\"1287\" data-end=\"1290\" \/>\n<h1 data-section-id=\"1gx1fos\" data-start=\"1292\" data-end=\"1312\">\ud83d\udcca Fiche Technique<\/h1>\n<div class=\"TyagGW_tableContainer\">\n<div class=\"group TyagGW_tableWrapper flex flex-col-reverse w-fit\" tabindex=\"-1\">\n<table class=\"w-fit min-w-(--thread-content-width)\" data-start=\"1314\" data-end=\"1738\">\n<thead data-start=\"1314\" data-end=\"1343\">\n<tr data-start=\"1314\" data-end=\"1343\">\n<th class=\"\" data-start=\"1314\" data-end=\"1332\" data-col-size=\"sm\">Caract\u00e9ristique<\/th>\n<th class=\"\" data-start=\"1332\" data-end=\"1343\" data-col-size=\"sm\">D\u00e9tails<\/th>\n<\/tr>\n<\/thead>\n<tbody data-start=\"1354\" data-end=\"1738\">\n<tr data-start=\"1354\" data-end=\"1397\">\n<td data-start=\"1354\" data-end=\"1372\" data-col-size=\"sm\">Type de produit<\/td>\n<td data-col-size=\"sm\" data-start=\"1372\" data-end=\"1397\">Routeur WiFi portable<\/td>\n<\/tr>\n<tr data-start=\"1398\" data-end=\"1422\">\n<td data-start=\"1398\" data-end=\"1407\" data-col-size=\"sm\">R\u00e9seau<\/td>\n<td data-col-size=\"sm\" data-start=\"1407\" data-end=\"1422\">5G \/ 4G LTE<\/td>\n<\/tr>\n<tr data-start=\"1423\" data-end=\"1463\">\n<td data-start=\"1423\" data-end=\"1442\" data-col-size=\"sm\">Vitesse maximale<\/td>\n<td data-col-size=\"sm\" data-start=\"1442\" data-end=\"1463\">Jusqu\u2019\u00e0 3000 Mbps<\/td>\n<\/tr>\n<tr data-start=\"1464\" data-end=\"1492\">\n<td data-start=\"1464\" data-end=\"1481\" data-col-size=\"sm\">Fr\u00e9quence WiFi<\/td>\n<td data-col-size=\"sm\" data-start=\"1481\" data-end=\"1492\">2.4 GHz<\/td>\n<\/tr>\n<tr data-start=\"1493\" data-end=\"1532\">\n<td data-start=\"1493\" data-end=\"1505\" data-col-size=\"sm\">Carte SIM<\/td>\n<td data-col-size=\"sm\" data-start=\"1505\" data-end=\"1532\">Compatible toutes puces<\/td>\n<\/tr>\n<tr data-start=\"1533\" data-end=\"1579\">\n<td data-start=\"1533\" data-end=\"1555\" data-col-size=\"sm\">Appareils connect\u00e9s<\/td>\n<td data-col-size=\"sm\" data-start=\"1555\" data-end=\"1579\">Jusqu\u2019\u00e0 12 appareils<\/td>\n<\/tr>\n<tr data-start=\"1580\" data-end=\"1616\">\n<td data-start=\"1580\" data-end=\"1591\" data-col-size=\"sm\">Batterie<\/td>\n<td data-col-size=\"sm\" data-start=\"1591\" data-end=\"1616\">Batterie rechargeable<\/td>\n<\/tr>\n<tr data-start=\"1617\" data-end=\"1642\">\n<td data-start=\"1617\" data-end=\"1628\" data-col-size=\"sm\">Recharge<\/td>\n<td data-col-size=\"sm\" data-start=\"1628\" data-end=\"1642\">USB Type-C<\/td>\n<\/tr>\n<tr data-start=\"1643\" data-end=\"1674\">\n<td data-start=\"1643\" data-end=\"1658\" data-col-size=\"sm\">Connectivit\u00e9<\/td>\n<td data-col-size=\"sm\" data-start=\"1658\" data-end=\"1674\">WiFi Hotspot<\/td>\n<\/tr>\n<tr data-start=\"1675\" data-end=\"1719\">\n<td data-start=\"1675\" data-end=\"1689\" data-col-size=\"sm\">Indicateurs<\/td>\n<td data-col-size=\"sm\" data-start=\"1689\" data-end=\"1719\">LED r\u00e9seau, WiFi, batterie<\/td>\n<\/tr>\n<tr data-start=\"1720\" data-end=\"1738\">\n<td data-start=\"1720\" data-end=\"1730\" data-col-size=\"sm\">Couleur<\/td>\n<td data-col-size=\"sm\" data-start=\"1730\" data-end=\"1738\">Noir<\/td>\n<\/tr>\n<\/tbody>\n<\/table>\n<\/div>\n<\/div>\n<hr data-start=\"1740\" data-end=\"1743\" \/>\n<h1 data-section-id=\"19jzkha\" data-start=\"1745\" data-end=\"1771\">\ud83d\udce1 Appareils compatibles<\/h1>\n<p data-start=\"1773\" data-end=\"1800\">Peut connecter facilement :<\/p>\n<ul data-start=\"1802\" data-end=\"1917\">\n<li data-section-id=\"1afb5zy\" data-start=\"1802\" data-end=\"1817\">\n<p data-start=\"1804\" data-end=\"1817\">Smartphones<\/p>\n<\/li>\n<li data-section-id=\"a2buoi\" data-start=\"1818\" data-end=\"1843\">\n<p data-start=\"1820\" data-end=\"1843\">Ordinateurs portables<\/p>\n<\/li>\n<li data-section-id=\"1x4w8bk\" data-start=\"1844\" data-end=\"1857\">\n<p data-start=\"1846\" data-end=\"1857\">Tablettes<\/p>\n<\/li>\n<li data-section-id=\"rbat8z\" data-start=\"1858\" data-end=\"1870\">\n<p data-start=\"1860\" data-end=\"1870\">Smart TV<\/p>\n<\/li>\n<li data-section-id=\"16z5xnz\" data-start=\"1871\" data-end=\"1891\">\n<p data-start=\"1873\" data-end=\"1891\">Consoles de jeux<\/p>\n<\/li>\n<li data-section-id=\"xkzy3s\" data-start=\"1892\" data-end=\"1917\">\n<p data-start=\"1894\" data-end=\"1917\">Cam\u00e9ras de surveillance<\/p>\n<\/li>\n<\/ul>\n<hr data-start=\"1919\" data-end=\"1922\" \/>\n<h1 data-section-id=\"6f7tr2\" data-start=\"1924\" data-end=\"1945\">\ud83d\udce6 Contenu du colis<\/h1>\n<ul data-start=\"1947\" data-end=\"2063\">\n<li data-section-id=\"1xre3og\" data-start=\"1947\" data-end=\"1979\">\n<p data-start=\"1949\" data-end=\"1979\">1 \u00d7 Routeur WiFi Portable 5G<\/p>\n<\/li>\n<li data-section-id=\"nynwnl\" data-start=\"1980\" data-end=\"2009\">\n<p data-start=\"1982\" data-end=\"2009\">1 \u00d7 Batterie rechargeable<\/p>\n<\/li>\n<li data-section-id=\"1khpv9y\" data-start=\"2010\" data-end=\"2034\">\n<p data-start=\"2012\" data-end=\"2034\">1 \u00d7 C\u00e2ble USB Type-C<\/p>\n<\/li>\n<li data-section-id=\"euolri\" data-start=\"2035\" data-end=\"2063\">\n<p data-start=\"2037\" data-end=\"2063\">1 \u00d7 Manuel d\u2019utilisation<\/p>\n<\/li>\n<\/ul>\n<h1 data-section-id=\"18nwnc0\" data-start=\"2070\" data-end=\"2098\"><\/h1>\n<hr data-start=\"2387\" data-end=\"2390\" \/>\n<p data-start=\"2392\" data-end=\"2548\" data-is-last-node=\"\" data-is-only-node=\"\">\ud83d\udd25 <strong data-start=\"2395\" data-end=\"2479\">Ins\u00e9rez votre carte SIM et cr\u00e9ez votre r\u00e9seau WiFi partout en quelques secondes.<\/strong><br data-start=\"2479\" data-end=\"2482\" \/><strong data-start=\"2482\" data-end=\"2541\">Commandez d\u00e8s maintenant votre modem WiFi portable 5G !<\/strong> \ud83d\udcf6\ud83d\udcf1\ud83d\udcbb<\/p>\n<\/div>\n<\/div>\n<\/div>\n<\/div>\n<div class=\"z-0 flex min-h-[46px] justify-start\"><\/div>\n<div class=\"mt-3 w-full empty:hidden\">\n<div class=\"text-center\"><\/div>\n<\/div>\n<\/div>\n<\/div>\n<\/article>\n<\/div>\n<div class=\"pointer-events-none h-px w-px absolute bottom-0\" aria-hidden=\"true\" data-edge=\"true\"><\/div>\n","protected":false},"excerpt":{"rendered":"<p>Acc\u00e9dez \u00e0 internet ultra rapide partout gr\u00e2ce au Routeur WiFi Portable 5G Modem WiFi Pro. Cet appareil compact transforme instantan\u00e9ment votre carte SIM en r\u00e9seau WiFi puissant, permettant de connecter plusieurs appareils simultan\u00e9ment. Parfait pour la maison, les voyages, le bureau, les \u00e9tudiants ou les commerces, ce modem vous offre une connexion tr\u00e8s rapide pouvant&hellip;<\/p>\n","protected":false},"featured_media":16257,"comment_status":"open","ping_status":"closed","template":"","meta":[],"product_cat":[90,131],"product_tag":[],"class_list":{"0":"post-16255","1":"product","2":"type-product","3":"status-publish","4":"has-post-thumbnail","6":"product_cat-accessoires-informatique","7":"product_cat-modems-wifi","9":"first","10":"instock","11":"sale","12":"shipping-taxable","13":"purchasable","14":"product-type-simple","15":"col-xs-6 col-sm-4","16":"col-md-3 col-lg-3","17":"un-4-cols"},"_links":{"self":[{"href":"https:\/\/www.vazy.market\/index.php\/wp-json\/wp\/v2\/product\/16255","targetHints":{"allow":["GET"]}}],"collection":[{"href":"https:\/\/www.vazy.market\/index.php\/wp-json\/wp\/v2\/product"}],"about":[{"href":"https:\/\/www.vazy.market\/index.php\/wp-json\/wp\/v2\/types\/product"}],"replies":[{"embeddable":true,"href":"https:\/\/www.vazy.market\/index.php\/wp-json\/wp\/v2\/comments?post=16255"}],"wp:featuredmedia":[{"embeddable":true,"href":"https:\/\/www.vazy.market\/index.php\/wp-json\/wp\/v2\/media\/16257"}],"wp:attachment":[{"href":"https:\/\/www.vazy.market\/index.php\/wp-json\/wp\/v2\/media?parent=16255"}],"wp:term":[{"taxonomy":"product_cat","embeddable":true,"href":"https:\/\/www.vazy.market\/index.php\/wp-json\/wp\/v2\/product_cat?post=16255"},{"taxonomy":"product_tag","embeddable":true,"href":"https:\/\/www.vazy.market\/index.php\/wp-json\/wp\/v2\/product_tag?post=16255"}],"curies":[{"name":"wp","href":"https:\/\/api.w.org\/{rel}","templated":true}]}}