{"id":16250,"date":"2026-03-09T21:05:43","date_gmt":"2026-03-09T21:05:43","guid":{"rendered":"https:\/\/www.vazy.market\/?post_type=product&#038;p=16250"},"modified":"2026-04-06T04:08:50","modified_gmt":"2026-04-06T04:08:50","slug":"routeur-wifi-portable-4g-lte-mobile-wifi-pro-300-mbps","status":"publish","type":"product","link":"https:\/\/www.vazy.market\/index.php\/product\/routeur-wifi-portable-4g-lte-mobile-wifi-pro-300-mbps\/","title":{"rendered":"\ud83d\udcf6 Routeur WiFi Portable 4G LTE \u2013 Mobile WiFi Pro 300 Mbps"},"content":{"rendered":"<div class=\"flex h-svh w-screen flex-col\">\n<div class=\"relative z-0 flex min-h-0 w-full flex-1\">\n<div class=\"relative flex min-h-0 w-full flex-1\">\n<div class=\"@container\/main relative flex min-w-0 flex-1 flex-col -translate-y-[calc(env(safe-area-inset-bottom,0px)\/2)] pt-[calc(env(safe-area-inset-bottom,0px)\/2)]\">\n<div class=\"@w-sm\/main:[scrollbar-gutter:stable_both-edges] touch:[scrollbar-width:none] relative flex min-h-0 min-w-0 flex-1 flex-col [scrollbar-gutter:stable] not-print:overflow-x-clip not-print:overflow-y-auto scroll-pt-(--header-height) [--sticky-padding-top:var(--header-height)] has-data-[fixed-header=less-than-xl]:@w-xl\/main:scroll-pt-0 has-data-[fixed-header=less-than-xl]:@w-xl\/main:[--sticky-padding-top:0px] has-data-[fixed-header=less-than-xxl]:@w-2xl\/main:scroll-pt-0 has-data-[fixed-header=less-than-xxl]:@w-2xl\/main:[--sticky-padding-top:0px]\" data-scroll-root=\"\"><main id=\"main\" class=\"min-h-0 flex-1\"><\/p>\n<div id=\"thread\" class=\"group\/thread flex flex-col min-h-full\">\n<div class=\"composer-parent flex flex-1 flex-col focus-visible:outline-0\" role=\"presentation\">\n<div class=\"relative basis-auto flex-col -mb-(--composer-overlap-px) [--composer-overlap-px:28px] grow flex\">\n<div class=\"flex flex-col text-sm pb-25\">\n<article class=\"text-token-text-primary w-full focus:outline-none [--shadow-height:45px] has-data-writing-block:pointer-events-none has-data-writing-block:-mt-(--shadow-height) has-data-writing-block:pt-(--shadow-height) [&amp;:has([data-writing-block])&gt;*]:pointer-events-auto scroll-mt-[calc(var(--header-height)+min(200px,max(70px,20svh)))]\" dir=\"auto\" tabindex=\"-1\" data-turn-id=\"request-69add934-1d50-8332-91d7-d97a2ee2331f-3\" data-testid=\"conversation-turn-32\" data-scroll-anchor=\"true\" data-turn=\"assistant\">\n<div class=\"text-base my-auto mx-auto pb-10 [--thread-content-margin:var(--thread-content-margin-xs,calc(var(--spacing)*4))] @w-sm\/main:[--thread-content-margin:var(--thread-content-margin-sm,calc(var(--spacing)*6))] @w-lg\/main:[--thread-content-margin:var(--thread-content-margin-lg,calc(var(--spacing)*16))] px-(--thread-content-margin)\">\n<div class=\"[--thread-content-max-width:40rem] @w-lg\/main:[--thread-content-max-width:48rem] mx-auto max-w-(--thread-content-max-width) flex-1 group\/turn-messages focus-visible:outline-hidden relative flex w-full min-w-0 flex-col agent-turn\" tabindex=\"-1\">\n<div class=\"flex max-w-full flex-col gap-4 grow\">\n<div class=\"min-h-8 text-message relative flex w-full flex-col items-end gap-2 text-start break-words whitespace-normal [.text-message+&amp;]:mt-1\" dir=\"auto\" data-message-author-role=\"assistant\" data-message-id=\"9c4b3d7c-d5ba-43bc-9cfb-155a560f0fcd\" data-message-model-slug=\"gpt-5-3\">\n<div class=\"flex w-full flex-col gap-1 empty:hidden\">\n<div class=\"markdown prose dark:prose-invert w-full wrap-break-word light markdown-new-styling\">\n<p data-start=\"63\" data-end=\"298\">Acc\u00e9dez \u00e0 internet <strong data-start=\"82\" data-end=\"103\">o\u00f9 que vous soyez<\/strong> gr\u00e2ce au <strong data-start=\"113\" data-end=\"161\">Routeur WiFi Portable 4G LTE Mobile WiFi Pro<\/strong>. Cet appareil compact transforme votre <strong data-start=\"201\" data-end=\"238\">carte SIM en r\u00e9seau WiFi puissant<\/strong>, permettant de connecter plusieurs appareils en m\u00eame temps.<\/p>\n<p data-start=\"300\" data-end=\"559\">Id\u00e9al pour la <strong data-start=\"314\" data-end=\"382\">maison, les voyages, les \u00e9tudiants, les bureaux ou les commerces<\/strong>, ce modem portable vous offre une <strong data-start=\"417\" data-end=\"454\">connexion stable jusqu\u2019\u00e0 300 Mbps<\/strong>. Il suffit d\u2019ins\u00e9rer votre <strong data-start=\"482\" data-end=\"512\">puce SIM (tous op\u00e9rateurs)<\/strong> et de profiter imm\u00e9diatement d\u2019un r\u00e9seau WiFi.<\/p>\n<p data-start=\"561\" data-end=\"682\">Gr\u00e2ce \u00e0 sa <strong data-start=\"572\" data-end=\"620\">batterie rechargeable et son port USB Type-C<\/strong>, il est pratique \u00e0 transporter et facile \u00e0 recharger partout.<\/p>\n<hr data-start=\"684\" data-end=\"687\" \/>\n<h1 data-section-id=\"hqmhg3\" data-start=\"689\" data-end=\"734\">\u2b50 Pourquoi choisir ce routeur WiFi portable<\/h1>\n<p data-start=\"736\" data-end=\"1092\">\u2714 \ud83d\udcf6 <strong data-start=\"741\" data-end=\"785\">Connexion 4G LTE rapide jusqu\u2019\u00e0 300 Mbps<\/strong><br data-start=\"785\" data-end=\"788\" \/>\u2714 \ud83d\udcf1 <strong data-start=\"793\" data-end=\"852\">Compatible avec toutes les cartes SIM (tous op\u00e9rateurs)<\/strong><br data-start=\"852\" data-end=\"855\" \/>\u2714 \ud83d\udc65 <strong data-start=\"860\" data-end=\"907\">Connexion simultan\u00e9e de plusieurs appareils<\/strong><br data-start=\"907\" data-end=\"910\" \/>\u2714 \ud83d\udd0b <strong data-start=\"915\" data-end=\"968\">Batterie rechargeable pour une utilisation mobile<\/strong><br data-start=\"968\" data-end=\"971\" \/>\u2714 \ud83d\udd0c <strong data-start=\"976\" data-end=\"1010\">Recharge rapide via USB Type-C<\/strong><br data-start=\"1010\" data-end=\"1013\" \/>\u2714 \ud83e\uddf3 <strong data-start=\"1018\" data-end=\"1048\">Design compact et portable<\/strong><br data-start=\"1048\" data-end=\"1051\" \/>\u2714 \ud83d\udce1 <strong data-start=\"1056\" data-end=\"1092\">Signal WiFi stable et performant<\/strong><\/p>\n<hr data-start=\"1094\" data-end=\"1097\" \/>\n<h1 data-section-id=\"uqf46d\" data-start=\"1099\" data-end=\"1124\">\ud83c\udf10 Utilisations id\u00e9ales<\/h1>\n<ul data-start=\"1126\" data-end=\"1299\">\n<li data-section-id=\"1b1nxcv\" data-start=\"1126\" data-end=\"1149\">\n<p data-start=\"1128\" data-end=\"1149\">Internet \u00e0 domicile<\/p>\n<\/li>\n<li data-section-id=\"1obggwu\" data-start=\"1150\" data-end=\"1182\">\n<p data-start=\"1152\" data-end=\"1182\">Partage WiFi pour la famille<\/p>\n<\/li>\n<li data-section-id=\"1fpldjt\" data-start=\"1183\" data-end=\"1211\">\n<p data-start=\"1185\" data-end=\"1211\">\u00c9tudiants et t\u00e9l\u00e9travail<\/p>\n<\/li>\n<li data-section-id=\"1tmio1c\" data-start=\"1212\" data-end=\"1234\">\n<p data-start=\"1214\" data-end=\"1234\">Bureau et commerce<\/p>\n<\/li>\n<li data-section-id=\"1fk9bem\" data-start=\"1235\" data-end=\"1262\">\n<p data-start=\"1237\" data-end=\"1262\">Voyages et d\u00e9placements<\/p>\n<\/li>\n<li data-section-id=\"6cvui\" data-start=\"1263\" data-end=\"1299\">\n<p data-start=\"1265\" data-end=\"1299\">Zones sans connexion internet fixe<\/p>\n<\/li>\n<\/ul>\n<hr data-start=\"1301\" data-end=\"1304\" \/>\n<h1 data-section-id=\"1gx1fos\" data-start=\"1306\" data-end=\"1326\">\ud83d\udcca Fiche Technique<\/h1>\n<div class=\"TyagGW_tableContainer\">\n<div class=\"group TyagGW_tableWrapper flex flex-col-reverse w-fit\" tabindex=\"-1\">\n<table class=\"w-fit min-w-(--thread-content-width)\" data-start=\"1328\" data-end=\"1761\">\n<thead data-start=\"1328\" data-end=\"1357\">\n<tr data-start=\"1328\" data-end=\"1357\">\n<th class=\"\" data-start=\"1328\" data-end=\"1346\" data-col-size=\"sm\">Caract\u00e9ristique<\/th>\n<th class=\"\" data-start=\"1346\" data-end=\"1357\" data-col-size=\"sm\">D\u00e9tails<\/th>\n<\/tr>\n<\/thead>\n<tbody data-start=\"1368\" data-end=\"1761\">\n<tr data-start=\"1368\" data-end=\"1411\">\n<td data-start=\"1368\" data-end=\"1386\" data-col-size=\"sm\">Type de produit<\/td>\n<td data-start=\"1386\" data-end=\"1411\" data-col-size=\"sm\">Routeur WiFi portable<\/td>\n<\/tr>\n<tr data-start=\"1412\" data-end=\"1431\">\n<td data-start=\"1412\" data-end=\"1421\" data-col-size=\"sm\">R\u00e9seau<\/td>\n<td data-start=\"1421\" data-end=\"1431\" data-col-size=\"sm\">4G LTE<\/td>\n<\/tr>\n<tr data-start=\"1432\" data-end=\"1471\">\n<td data-start=\"1432\" data-end=\"1451\" data-col-size=\"sm\">Vitesse maximale<\/td>\n<td data-start=\"1451\" data-end=\"1471\" data-col-size=\"sm\">Jusqu\u2019\u00e0 300 Mbps<\/td>\n<\/tr>\n<tr data-start=\"1472\" data-end=\"1500\">\n<td data-start=\"1472\" data-end=\"1489\" data-col-size=\"sm\">Fr\u00e9quence WiFi<\/td>\n<td data-start=\"1489\" data-end=\"1500\" data-col-size=\"sm\">2.4 GHz<\/td>\n<\/tr>\n<tr data-start=\"1501\" data-end=\"1540\">\n<td data-start=\"1501\" data-end=\"1513\" data-col-size=\"sm\">Carte SIM<\/td>\n<td data-start=\"1513\" data-end=\"1540\" data-col-size=\"sm\">Compatible toutes puces<\/td>\n<\/tr>\n<tr data-start=\"1541\" data-end=\"1572\">\n<td data-start=\"1541\" data-end=\"1556\" data-col-size=\"sm\">Connectivit\u00e9<\/td>\n<td data-start=\"1556\" data-end=\"1572\" data-col-size=\"sm\">WiFi Hotspot<\/td>\n<\/tr>\n<tr data-start=\"1573\" data-end=\"1609\">\n<td data-start=\"1573\" data-end=\"1584\" data-col-size=\"sm\">Batterie<\/td>\n<td data-start=\"1584\" data-end=\"1609\" data-col-size=\"sm\">Batterie rechargeable<\/td>\n<\/tr>\n<tr data-start=\"1610\" data-end=\"1635\">\n<td data-start=\"1610\" data-end=\"1621\" data-col-size=\"sm\">Recharge<\/td>\n<td data-start=\"1621\" data-end=\"1635\" data-col-size=\"sm\">USB Type-C<\/td>\n<\/tr>\n<tr data-start=\"1636\" data-end=\"1695\">\n<td data-start=\"1636\" data-end=\"1658\" data-col-size=\"sm\">Appareils connect\u00e9s<\/td>\n<td data-start=\"1658\" data-end=\"1695\" data-col-size=\"sm\">Plusieurs appareils simultan\u00e9ment<\/td>\n<\/tr>\n<tr data-start=\"1696\" data-end=\"1742\">\n<td data-start=\"1696\" data-end=\"1710\" data-col-size=\"sm\">Indicateurs<\/td>\n<td data-start=\"1710\" data-end=\"1742\" data-col-size=\"sm\">LED r\u00e9seau, WiFi et batterie<\/td>\n<\/tr>\n<tr data-start=\"1743\" data-end=\"1761\">\n<td data-start=\"1743\" data-end=\"1753\" data-col-size=\"sm\">Couleur<\/td>\n<td data-start=\"1753\" data-end=\"1761\" data-col-size=\"sm\">Noir<\/td>\n<\/tr>\n<\/tbody>\n<\/table>\n<\/div>\n<\/div>\n<hr data-start=\"1763\" data-end=\"1766\" \/>\n<h1 data-section-id=\"19jzkha\" data-start=\"1768\" data-end=\"1794\">\ud83d\udce1 Appareils compatibles<\/h1>\n<p data-start=\"1796\" data-end=\"1823\">Peut connecter facilement :<\/p>\n<ul data-start=\"1825\" data-end=\"1940\">\n<li data-section-id=\"1afb5zy\" data-start=\"1825\" data-end=\"1840\">\n<p data-start=\"1827\" data-end=\"1840\">Smartphones<\/p>\n<\/li>\n<li data-section-id=\"a2buoi\" data-start=\"1841\" data-end=\"1866\">\n<p data-start=\"1843\" data-end=\"1866\">Ordinateurs portables<\/p>\n<\/li>\n<li data-section-id=\"1x4w8bk\" data-start=\"1867\" data-end=\"1880\">\n<p data-start=\"1869\" data-end=\"1880\">Tablettes<\/p>\n<\/li>\n<li data-section-id=\"rbat8z\" data-start=\"1881\" data-end=\"1893\">\n<p data-start=\"1883\" data-end=\"1893\">Smart TV<\/p>\n<\/li>\n<li data-section-id=\"16z5xnz\" data-start=\"1894\" data-end=\"1914\">\n<p data-start=\"1896\" data-end=\"1914\">Consoles de jeux<\/p>\n<\/li>\n<li data-section-id=\"xkzy3s\" data-start=\"1915\" data-end=\"1940\">\n<p data-start=\"1917\" data-end=\"1940\">Cam\u00e9ras de surveillance<\/p>\n<\/li>\n<\/ul>\n<hr data-start=\"1942\" data-end=\"1945\" \/>\n<h1 data-section-id=\"6f7tr2\" data-start=\"1947\" data-end=\"1968\">\ud83d\udce6 Contenu du colis<\/h1>\n<ul data-start=\"1970\" data-end=\"2090\">\n<li data-section-id=\"12vhhdo\" data-start=\"1970\" data-end=\"2006\">\n<p data-start=\"1972\" data-end=\"2006\">1 \u00d7 Routeur WiFi Portable 4G LTE<\/p>\n<\/li>\n<li data-section-id=\"nynwnl\" data-start=\"2007\" data-end=\"2036\">\n<p data-start=\"2009\" data-end=\"2036\">1 \u00d7 Batterie rechargeable<\/p>\n<\/li>\n<li data-section-id=\"1khpv9y\" data-start=\"2037\" data-end=\"2061\">\n<p data-start=\"2039\" data-end=\"2061\">1 \u00d7 C\u00e2ble USB Type-C<\/p>\n<\/li>\n<li data-section-id=\"euolri\" data-start=\"2062\" data-end=\"2090\">\n<p data-start=\"2064\" data-end=\"2090\">1 \u00d7 Manuel d\u2019utilisation<\/p>\n<\/li>\n<\/ul>\n<h1 data-section-id=\"18nwnc0\" data-start=\"2097\" data-end=\"2125\"><\/h1>\n<hr data-start=\"2416\" data-end=\"2419\" \/>\n<p data-start=\"2421\" data-end=\"2546\" data-is-last-node=\"\" data-is-only-node=\"\">\ud83d\udd25 <strong data-start=\"2424\" data-end=\"2482\">Ins\u00e9rez votre puce et cr\u00e9ez votre r\u00e9seau WiFi partout.<\/strong><br data-start=\"2482\" data-end=\"2485\" \/><strong data-start=\"2485\" data-end=\"2539\">Commandez maintenant votre routeur WiFi portable !<\/strong> \ud83d\udcf6\ud83d\udcf1\ud83d\udcbb<\/p>\n<\/div>\n<\/div>\n<\/div>\n<\/div>\n<div class=\"z-0 flex min-h-[46px] justify-start\"><\/div>\n<\/div>\n<\/div>\n<\/article>\n<\/div>\n<\/div>\n<\/div>\n<\/div>\n<p><\/main><\/div>\n<\/div>\n<\/div>\n<\/div>\n<div><\/div>\n<\/div>\n","protected":false},"excerpt":{"rendered":"<p>Acc\u00e9dez \u00e0 internet o\u00f9 que vous soyez gr\u00e2ce au Routeur WiFi Portable 4G LTE Mobile WiFi Pro. Cet appareil compact transforme votre carte SIM en r\u00e9seau WiFi puissant, permettant de connecter plusieurs appareils en m\u00eame temps. Id\u00e9al pour la maison, les voyages, les \u00e9tudiants, les bureaux ou les commerces, ce modem portable vous offre une&hellip;<\/p>\n","protected":false},"featured_media":16252,"comment_status":"open","ping_status":"closed","template":"","meta":[],"product_cat":[90,131],"product_tag":[],"class_list":{"0":"post-16250","1":"product","2":"type-product","3":"status-publish","4":"has-post-thumbnail","6":"product_cat-accessoires-informatique","7":"product_cat-modems-wifi","9":"first","10":"instock","11":"sale","12":"shipping-taxable","13":"purchasable","14":"product-type-simple","15":"col-xs-6 col-sm-4","16":"col-md-3 col-lg-3","17":"un-4-cols"},"_links":{"self":[{"href":"https:\/\/www.vazy.market\/index.php\/wp-json\/wp\/v2\/product\/16250","targetHints":{"allow":["GET"]}}],"collection":[{"href":"https:\/\/www.vazy.market\/index.php\/wp-json\/wp\/v2\/product"}],"about":[{"href":"https:\/\/www.vazy.market\/index.php\/wp-json\/wp\/v2\/types\/product"}],"replies":[{"embeddable":true,"href":"https:\/\/www.vazy.market\/index.php\/wp-json\/wp\/v2\/comments?post=16250"}],"wp:featuredmedia":[{"embeddable":true,"href":"https:\/\/www.vazy.market\/index.php\/wp-json\/wp\/v2\/media\/16252"}],"wp:attachment":[{"href":"https:\/\/www.vazy.market\/index.php\/wp-json\/wp\/v2\/media?parent=16250"}],"wp:term":[{"taxonomy":"product_cat","embeddable":true,"href":"https:\/\/www.vazy.market\/index.php\/wp-json\/wp\/v2\/product_cat?post=16250"},{"taxonomy":"product_tag","embeddable":true,"href":"https:\/\/www.vazy.market\/index.php\/wp-json\/wp\/v2\/product_tag?post=16250"}],"curies":[{"name":"wp","href":"https:\/\/api.w.org\/{rel}","templated":true}]}}