{"id":16240,"date":"2026-03-09T20:41:14","date_gmt":"2026-03-09T20:41:14","guid":{"rendered":"https:\/\/www.vazy.market\/?post_type=product&#038;p=16240"},"modified":"2026-04-06T04:08:50","modified_gmt":"2026-04-06T04:08:50","slug":"routeur-wifi-portable-4g-lte-mobile-wifi-pro-150-mbps","status":"publish","type":"product","link":"https:\/\/www.vazy.market\/index.php\/product\/routeur-wifi-portable-4g-lte-mobile-wifi-pro-150-mbps\/","title":{"rendered":"\ud83d\udcf6 Routeur WiFi Portable 4G LTE \u2013 Mobile WiFi Pro 150 Mbps"},"content":{"rendered":"<div class=\"flex h-svh w-screen flex-col\">\n<div class=\"relative z-0 flex min-h-0 w-full flex-1\">\n<div class=\"relative flex min-h-0 w-full flex-1\">\n<div class=\"@container\/main relative flex min-w-0 flex-1 flex-col -translate-y-[calc(env(safe-area-inset-bottom,0px)\/2)] pt-[calc(env(safe-area-inset-bottom,0px)\/2)]\">\n<div class=\"@w-sm\/main:[scrollbar-gutter:stable_both-edges] touch:[scrollbar-width:none] relative flex min-h-0 min-w-0 flex-1 flex-col [scrollbar-gutter:stable] not-print:overflow-x-clip not-print:overflow-y-auto scroll-pt-(--header-height) [--sticky-padding-top:var(--header-height)] has-data-[fixed-header=less-than-xl]:@w-xl\/main:scroll-pt-0 has-data-[fixed-header=less-than-xl]:@w-xl\/main:[--sticky-padding-top:0px] has-data-[fixed-header=less-than-xxl]:@w-2xl\/main:scroll-pt-0 has-data-[fixed-header=less-than-xxl]:@w-2xl\/main:[--sticky-padding-top:0px]\" data-scroll-root=\"\"><main id=\"main\" class=\"min-h-0 flex-1\"><\/p>\n<div id=\"thread\" class=\"group\/thread flex flex-col min-h-full\">\n<div class=\"composer-parent flex flex-1 flex-col focus-visible:outline-0\" role=\"presentation\">\n<div class=\"relative basis-auto flex-col -mb-(--composer-overlap-px) [--composer-overlap-px:28px] grow flex\">\n<div class=\"flex flex-col text-sm pb-25\">\n<article class=\"text-token-text-primary w-full focus:outline-none [--shadow-height:45px] has-data-writing-block:pointer-events-none has-data-writing-block:-mt-(--shadow-height) has-data-writing-block:pt-(--shadow-height) [&amp;:has([data-writing-block])&gt;*]:pointer-events-auto scroll-mt-[calc(var(--header-height)+min(200px,max(70px,20svh)))]\" dir=\"auto\" tabindex=\"-1\" data-turn-id=\"request-69add934-1d50-8332-91d7-d97a2ee2331f-1\" data-testid=\"conversation-turn-28\" data-scroll-anchor=\"true\" data-turn=\"assistant\">\n<div class=\"text-base my-auto mx-auto pb-10 [--thread-content-margin:var(--thread-content-margin-xs,calc(var(--spacing)*4))] @w-sm\/main:[--thread-content-margin:var(--thread-content-margin-sm,calc(var(--spacing)*6))] @w-lg\/main:[--thread-content-margin:var(--thread-content-margin-lg,calc(var(--spacing)*16))] px-(--thread-content-margin)\">\n<div class=\"[--thread-content-max-width:40rem] @w-lg\/main:[--thread-content-max-width:48rem] mx-auto max-w-(--thread-content-max-width) flex-1 group\/turn-messages focus-visible:outline-hidden relative flex w-full min-w-0 flex-col agent-turn\" tabindex=\"-1\">\n<div class=\"flex max-w-full flex-col gap-4 grow\">\n<div class=\"min-h-8 text-message relative flex w-full flex-col items-end gap-2 text-start break-words whitespace-normal [.text-message+&amp;]:mt-1\" dir=\"auto\" data-message-author-role=\"assistant\" data-message-id=\"413fe997-ae9a-41f1-bc3e-5376ea3f65ee\" data-message-model-slug=\"gpt-5-3\">\n<div class=\"flex w-full flex-col gap-1 empty:hidden\">\n<div class=\"markdown prose dark:prose-invert w-full wrap-break-word light markdown-new-styling\">\n<p data-start=\"63\" data-end=\"316\">Profitez d\u2019une <strong data-start=\"78\" data-end=\"139\">connexion internet rapide et stable partout o\u00f9 vous allez<\/strong> gr\u00e2ce au <strong data-start=\"149\" data-end=\"197\">Routeur WiFi Portable 4G LTE Mobile WiFi Pro<\/strong>. Il vous permet de transformer votre <strong data-start=\"235\" data-end=\"266\">carte SIM 4G en r\u00e9seau WiFi<\/strong> pour connecter plusieurs appareils en m\u00eame temps.<\/p>\n<p data-start=\"318\" data-end=\"601\">Compact et facile \u00e0 transporter, ce routeur est id\u00e9al pour <strong data-start=\"377\" data-end=\"451\">la maison, le bureau, les voyages, les \u00e9tudiants et les professionnels<\/strong>. Il suffit d\u2019ins\u00e9rer votre <strong data-start=\"479\" data-end=\"495\">carte SIM 4G<\/strong> et vous pouvez partager internet avec votre <strong data-start=\"540\" data-end=\"600\">smartphone, ordinateur, tablette ou t\u00e9l\u00e9vision connect\u00e9e<\/strong>.<\/p>\n<p data-start=\"603\" data-end=\"689\">Gr\u00e2ce \u00e0 sa <strong data-start=\"614\" data-end=\"639\">batterie rechargeable<\/strong>, vous pouvez rester connect\u00e9 m\u00eame en d\u00e9placement.<\/p>\n<hr data-start=\"691\" data-end=\"694\" \/>\n<h1 data-section-id=\"hqmhg3\" data-start=\"696\" data-end=\"741\">\u2b50 Pourquoi choisir ce routeur WiFi portable<\/h1>\n<p data-start=\"743\" data-end=\"1100\">\u2714 \ud83d\udcf6 <strong data-start=\"748\" data-end=\"792\">Connexion 4G LTE rapide jusqu\u2019\u00e0 150 Mbps<\/strong><br data-start=\"792\" data-end=\"795\" \/>\u2714 \ud83d\udcf1 <strong data-start=\"800\" data-end=\"845\">Partage internet pour plusieurs appareils<\/strong><br data-start=\"845\" data-end=\"848\" \/>\u2714 \ud83d\udd0b <strong data-start=\"853\" data-end=\"887\">Batterie rechargeable int\u00e9gr\u00e9e<\/strong> pour utilisation mobile<br data-start=\"911\" data-end=\"914\" \/>\u2714 \ud83e\uddf3 <strong data-start=\"919\" data-end=\"946\">Format compact et l\u00e9ger<\/strong> facile \u00e0 transporter<br data-start=\"967\" data-end=\"970\" \/>\u2714 \ud83d\udd0c <strong data-start=\"975\" data-end=\"1042\">Installation simple : ins\u00e9rez votre carte SIM et connectez-vous<\/strong><br data-start=\"1042\" data-end=\"1045\" \/>\u2714 \ud83d\udce1 <strong data-start=\"1050\" data-end=\"1100\">Signal WiFi stable pour la maison ou le bureau<\/strong><\/p>\n<hr data-start=\"1102\" data-end=\"1105\" \/>\n<h1 data-section-id=\"uqf46d\" data-start=\"1107\" data-end=\"1132\">\ud83c\udf10 Utilisations id\u00e9ales<\/h1>\n<ul data-start=\"1134\" data-end=\"1298\">\n<li data-section-id=\"1b1nxcv\" data-start=\"1134\" data-end=\"1157\">\n<p data-start=\"1136\" data-end=\"1157\">Internet \u00e0 domicile<\/p>\n<\/li>\n<li data-section-id=\"1obggwu\" data-start=\"1158\" data-end=\"1190\">\n<p data-start=\"1160\" data-end=\"1190\">Partage WiFi pour la famille<\/p>\n<\/li>\n<li data-section-id=\"1fpldjt\" data-start=\"1191\" data-end=\"1219\">\n<p data-start=\"1193\" data-end=\"1219\">\u00c9tudiants et t\u00e9l\u00e9travail<\/p>\n<\/li>\n<li data-section-id=\"1fk9bem\" data-start=\"1220\" data-end=\"1247\">\n<p data-start=\"1222\" data-end=\"1247\">Voyages et d\u00e9placements<\/p>\n<\/li>\n<li data-section-id=\"ygfqhn\" data-start=\"1248\" data-end=\"1270\">\n<p data-start=\"1250\" data-end=\"1270\">Bureau ou commerce<\/p>\n<\/li>\n<li data-section-id=\"1l3ysg1\" data-start=\"1271\" data-end=\"1298\">\n<p data-start=\"1273\" data-end=\"1298\">Zones sans connexion fixe<\/p>\n<\/li>\n<\/ul>\n<hr data-start=\"1300\" data-end=\"1303\" \/>\n<h1 data-section-id=\"1gx1fos\" data-start=\"1305\" data-end=\"1325\">\ud83d\udcca Fiche Technique<\/h1>\n<div class=\"TyagGW_tableContainer\">\n<div class=\"group TyagGW_tableWrapper flex flex-col-reverse w-fit\" tabindex=\"-1\">\n<table class=\"w-fit min-w-(--thread-content-width)\" data-start=\"1327\" data-end=\"1725\">\n<thead data-start=\"1327\" data-end=\"1356\">\n<tr data-start=\"1327\" data-end=\"1356\">\n<th class=\"\" data-start=\"1327\" data-end=\"1345\" data-col-size=\"sm\">Caract\u00e9ristique<\/th>\n<th class=\"\" data-start=\"1345\" data-end=\"1356\" data-col-size=\"sm\">D\u00e9tails<\/th>\n<\/tr>\n<\/thead>\n<tbody data-start=\"1367\" data-end=\"1725\">\n<tr data-start=\"1367\" data-end=\"1413\">\n<td data-start=\"1367\" data-end=\"1385\" data-col-size=\"sm\">Type de produit<\/td>\n<td data-col-size=\"sm\" data-start=\"1385\" data-end=\"1413\">Routeur WiFi portable 4G<\/td>\n<\/tr>\n<tr data-start=\"1414\" data-end=\"1433\">\n<td data-start=\"1414\" data-end=\"1423\" data-col-size=\"sm\">R\u00e9seau<\/td>\n<td data-col-size=\"sm\" data-start=\"1423\" data-end=\"1433\">4G LTE<\/td>\n<\/tr>\n<tr data-start=\"1434\" data-end=\"1455\">\n<td data-start=\"1434\" data-end=\"1446\" data-col-size=\"sm\">Cat\u00e9gorie<\/td>\n<td data-col-size=\"sm\" data-start=\"1446\" data-end=\"1455\">Cat 4<\/td>\n<\/tr>\n<tr data-start=\"1456\" data-end=\"1495\">\n<td data-start=\"1456\" data-end=\"1475\" data-col-size=\"sm\">Vitesse maximale<\/td>\n<td data-col-size=\"sm\" data-start=\"1475\" data-end=\"1495\">Jusqu\u2019\u00e0 150 Mbps<\/td>\n<\/tr>\n<tr data-start=\"1496\" data-end=\"1524\">\n<td data-start=\"1496\" data-end=\"1513\" data-col-size=\"sm\">Fr\u00e9quence WiFi<\/td>\n<td data-col-size=\"sm\" data-start=\"1513\" data-end=\"1524\">2.4 GHz<\/td>\n<\/tr>\n<tr data-start=\"1525\" data-end=\"1553\">\n<td data-start=\"1525\" data-end=\"1540\" data-col-size=\"sm\">Connectivit\u00e9<\/td>\n<td data-col-size=\"sm\" data-start=\"1540\" data-end=\"1553\">Carte SIM<\/td>\n<\/tr>\n<tr data-start=\"1554\" data-end=\"1590\">\n<td data-start=\"1554\" data-end=\"1565\" data-col-size=\"sm\">Batterie<\/td>\n<td data-col-size=\"sm\" data-start=\"1565\" data-end=\"1590\">2100 mAh rechargeable<\/td>\n<\/tr>\n<tr data-start=\"1591\" data-end=\"1625\">\n<td data-start=\"1591\" data-end=\"1599\" data-col-size=\"sm\">Ports<\/td>\n<td data-start=\"1599\" data-end=\"1625\" data-col-size=\"sm\">Port USB pour recharge<\/td>\n<\/tr>\n<tr data-start=\"1626\" data-end=\"1674\">\n<td data-start=\"1626\" data-end=\"1640\" data-col-size=\"sm\">Indicateurs<\/td>\n<td data-col-size=\"sm\" data-start=\"1640\" data-end=\"1674\">LED signal, batterie et r\u00e9seau<\/td>\n<\/tr>\n<tr data-start=\"1675\" data-end=\"1694\">\n<td data-start=\"1675\" data-end=\"1685\" data-col-size=\"sm\">Couleur<\/td>\n<td data-col-size=\"sm\" data-start=\"1685\" data-end=\"1694\">Blanc<\/td>\n<\/tr>\n<tr data-start=\"1695\" data-end=\"1725\">\n<td data-start=\"1695\" data-end=\"1710\" data-col-size=\"sm\">Installation<\/td>\n<td data-col-size=\"sm\" data-start=\"1710\" data-end=\"1725\">Plug &amp; Play<\/td>\n<\/tr>\n<\/tbody>\n<\/table>\n<\/div>\n<\/div>\n<hr data-start=\"1727\" data-end=\"1730\" \/>\n<h1 data-section-id=\"19jzkha\" data-start=\"1732\" data-end=\"1758\">\ud83d\udce1 Appareils compatibles<\/h1>\n<p data-start=\"1760\" data-end=\"1776\">Peut connecter :<\/p>\n<ul data-start=\"1778\" data-end=\"1893\">\n<li data-section-id=\"1afb5zy\" data-start=\"1778\" data-end=\"1793\">\n<p data-start=\"1780\" data-end=\"1793\">Smartphones<\/p>\n<\/li>\n<li data-section-id=\"a2buoi\" data-start=\"1794\" data-end=\"1819\">\n<p data-start=\"1796\" data-end=\"1819\">Ordinateurs portables<\/p>\n<\/li>\n<li data-section-id=\"1x4w8bk\" data-start=\"1820\" data-end=\"1833\">\n<p data-start=\"1822\" data-end=\"1833\">Tablettes<\/p>\n<\/li>\n<li data-section-id=\"rbat8z\" data-start=\"1834\" data-end=\"1846\">\n<p data-start=\"1836\" data-end=\"1846\">Smart TV<\/p>\n<\/li>\n<li data-section-id=\"1qbig6g\" data-start=\"1847\" data-end=\"1874\">\n<p data-start=\"1849\" data-end=\"1874\">Cam\u00e9ras de surveillance<\/p>\n<\/li>\n<li data-section-id=\"zujkj3\" data-start=\"1875\" data-end=\"1893\">\n<p data-start=\"1877\" data-end=\"1893\">Consoles de jeux<\/p>\n<\/li>\n<\/ul>\n<hr data-start=\"1895\" data-end=\"1898\" \/>\n<h1 data-section-id=\"6f7tr2\" data-start=\"1900\" data-end=\"1921\">\ud83d\udce6 Contenu du colis<\/h1>\n<ul data-start=\"1923\" data-end=\"2068\">\n<li data-section-id=\"1xrddkx\" data-start=\"1923\" data-end=\"1955\">\n<p data-start=\"1925\" data-end=\"1955\">1 \u00d7 Routeur WiFi Portable 4G<\/p>\n<\/li>\n<li data-section-id=\"nynwnl\" data-start=\"1956\" data-end=\"1985\">\n<p data-start=\"1958\" data-end=\"1985\">1 \u00d7 Batterie rechargeable<\/p>\n<\/li>\n<li data-section-id=\"45irv0\" data-start=\"1986\" data-end=\"2015\">\n<p data-start=\"1988\" data-end=\"2015\">1 \u00d7 C\u00e2ble USB de recharge<\/p>\n<\/li>\n<li data-section-id=\"1h3q5e8\" data-start=\"2016\" data-end=\"2039\">\n<p data-start=\"2018\" data-end=\"2039\">1 \u00d7 Bo\u00eete d\u2019origine<\/p>\n<\/li>\n<li data-section-id=\"euolri\" data-start=\"2040\" data-end=\"2068\">\n<p data-start=\"2042\" data-end=\"2068\">1 \u00d7 Manuel d\u2019utilisation<\/p>\n<\/li>\n<\/ul>\n<hr data-start=\"2381\" data-end=\"2384\" \/>\n<p data-start=\"2386\" data-end=\"2523\" data-is-last-node=\"\" data-is-only-node=\"\">\ud83d\udd25 <strong data-start=\"2389\" data-end=\"2452\">Partagez internet partout et restez connect\u00e9 en permanence.<\/strong><br data-start=\"2452\" data-end=\"2455\" \/><strong data-start=\"2455\" data-end=\"2516\">Commandez d\u00e8s maintenant votre routeur WiFi 4G portable !<\/strong> \ud83d\udcf6\ud83d\udcf1\ud83d\udcbb<\/p>\n<\/div>\n<\/div>\n<\/div>\n<\/div>\n<div class=\"z-0 flex min-h-[46px] justify-start\"><\/div>\n<div class=\"mt-3 w-full empty:hidden\">\n<div class=\"text-center\"><\/div>\n<\/div>\n<\/div>\n<\/div>\n<\/article>\n<\/div>\n<\/div>\n<div id=\"thread-bottom-container\" class=\"sticky bottom-0 group\/thread-bottom-container relative isolate z-10 w-full basis-auto has-data-has-thread-error:pt-2 has-data-has-thread-error:[box-shadow:var(--sharp-edge-bottom-shadow)] md:border-transparent md:pt-0 dark:border-white\/20 md:dark:border-transparent print:hidden content-fade single-line flex flex-col\">\n<div class=\"-mt-4 text-token-text-secondary relative w-full overflow-hidden text-center text-xs [view-transition-name:var(--vt-disclaimer)] md:px-[60px]\"><\/div>\n<\/div>\n<\/div>\n<\/div>\n<p><\/main><\/div>\n<\/div>\n<\/div>\n<\/div>\n<div><\/div>\n<\/div>\n","protected":false},"excerpt":{"rendered":"<p>Profitez d\u2019une connexion internet rapide et stable partout o\u00f9 vous allez gr\u00e2ce au Routeur WiFi Portable 4G LTE Mobile WiFi Pro. Il vous permet de transformer votre carte SIM 4G en r\u00e9seau WiFi pour connecter plusieurs appareils en m\u00eame temps. Compact et facile \u00e0 transporter, ce routeur est id\u00e9al pour la maison, le bureau, les&hellip;<\/p>\n","protected":false},"featured_media":16242,"comment_status":"open","ping_status":"closed","template":"","meta":[],"product_cat":[90,131],"product_tag":[],"class_list":{"0":"post-16240","1":"product","2":"type-product","3":"status-publish","4":"has-post-thumbnail","6":"product_cat-accessoires-informatique","7":"product_cat-modems-wifi","9":"first","10":"instock","11":"sale","12":"shipping-taxable","13":"purchasable","14":"product-type-simple","15":"col-xs-6 col-sm-4","16":"col-md-3 col-lg-3","17":"un-4-cols"},"_links":{"self":[{"href":"https:\/\/www.vazy.market\/index.php\/wp-json\/wp\/v2\/product\/16240","targetHints":{"allow":["GET"]}}],"collection":[{"href":"https:\/\/www.vazy.market\/index.php\/wp-json\/wp\/v2\/product"}],"about":[{"href":"https:\/\/www.vazy.market\/index.php\/wp-json\/wp\/v2\/types\/product"}],"replies":[{"embeddable":true,"href":"https:\/\/www.vazy.market\/index.php\/wp-json\/wp\/v2\/comments?post=16240"}],"wp:featuredmedia":[{"embeddable":true,"href":"https:\/\/www.vazy.market\/index.php\/wp-json\/wp\/v2\/media\/16242"}],"wp:attachment":[{"href":"https:\/\/www.vazy.market\/index.php\/wp-json\/wp\/v2\/media?parent=16240"}],"wp:term":[{"taxonomy":"product_cat","embeddable":true,"href":"https:\/\/www.vazy.market\/index.php\/wp-json\/wp\/v2\/product_cat?post=16240"},{"taxonomy":"product_tag","embeddable":true,"href":"https:\/\/www.vazy.market\/index.php\/wp-json\/wp\/v2\/product_tag?post=16240"}],"curies":[{"name":"wp","href":"https:\/\/api.w.org\/{rel}","templated":true}]}}