{"id":16223,"date":"2026-03-08T21:38:54","date_gmt":"2026-03-08T21:38:54","guid":{"rendered":"https:\/\/www.vazy.market\/?post_type=product&#038;p=16223"},"modified":"2026-03-25T10:42:28","modified_gmt":"2026-03-25T10:42:28","slug":"station-denergie-portable-150w-generateur-rechargeable-multifonction","status":"publish","type":"product","link":"https:\/\/www.vazy.market\/index.php\/product\/station-denergie-portable-150w-generateur-rechargeable-multifonction\/","title":{"rendered":"\ud83d\udd0b Station d\u2019\u00c9nergie Portable 150W \u2013 G\u00e9n\u00e9rateur Rechargeable Multifonction"},"content":{"rendered":"<div class=\"flex flex-col text-sm pb-25\">\n<article class=\"text-token-text-primary w-full focus:outline-none [--shadow-height:45px] has-data-writing-block:pointer-events-none has-data-writing-block:-mt-(--shadow-height) has-data-writing-block:pt-(--shadow-height) [&amp;:has([data-writing-block])&gt;*]:pointer-events-auto scroll-mt-[calc(var(--header-height)+min(200px,max(70px,20svh)))]\" dir=\"auto\" tabindex=\"-1\" data-turn-id=\"request-69add934-1d50-8332-91d7-d97a2ee2331f-5\" data-testid=\"conversation-turn-20\" data-scroll-anchor=\"true\" data-turn=\"assistant\">\n<div class=\"text-base my-auto mx-auto pb-10 [--thread-content-margin:var(--thread-content-margin-xs,calc(var(--spacing)*4))] @w-sm\/main:[--thread-content-margin:var(--thread-content-margin-sm,calc(var(--spacing)*6))] @w-lg\/main:[--thread-content-margin:var(--thread-content-margin-lg,calc(var(--spacing)*16))] px-(--thread-content-margin)\">\n<div class=\"[--thread-content-max-width:40rem] @w-lg\/main:[--thread-content-max-width:48rem] mx-auto max-w-(--thread-content-max-width) flex-1 group\/turn-messages focus-visible:outline-hidden relative flex w-full min-w-0 flex-col agent-turn\" tabindex=\"-1\">\n<div class=\"flex max-w-full flex-col gap-4 grow\">\n<div class=\"min-h-8 text-message relative flex w-full flex-col items-end gap-2 text-start break-words whitespace-normal [.text-message+&amp;]:mt-1\" dir=\"auto\" data-message-author-role=\"assistant\" data-message-id=\"2ba48569-7a54-4795-af88-32412b1dcab5\" data-message-model-slug=\"gpt-5-3\">\n<div class=\"flex w-full flex-col gap-1 empty:hidden\">\n<div class=\"markdown prose dark:prose-invert w-full wrap-break-word light markdown-new-styling\">\n<p data-start=\"79\" data-end=\"380\">Restez aliment\u00e9 m\u00eame pendant les <strong data-start=\"112\" data-end=\"138\">coupures d\u2019\u00e9lectricit\u00e9<\/strong> gr\u00e2ce \u00e0 cette <strong data-start=\"153\" data-end=\"210\">station d\u2019\u00e9nergie portable 150W compacte et puissante<\/strong>. Elle permet de recharger et d\u2019alimenter facilement vos <strong data-start=\"267\" data-end=\"379\">t\u00e9l\u00e9phones, ordinateurs portables, routeurs WiFi, lampes LED, ventilateurs et autres appareils \u00e9lectroniques<\/strong>.<\/p>\n<p data-start=\"382\" data-end=\"614\">Gr\u00e2ce \u00e0 ses <strong data-start=\"394\" data-end=\"419\">sorties AC, USB et DC<\/strong>, cette station peut alimenter <strong data-start=\"450\" data-end=\"487\">plusieurs appareils en m\u00eame temps<\/strong>. Son <strong data-start=\"493\" data-end=\"518\">\u00e9cran LCD intelligent<\/strong> affiche en temps r\u00e9el le niveau de batterie, la puissance utilis\u00e9e et l\u2019\u00e9tat de fonctionnement.<\/p>\n<p data-start=\"616\" data-end=\"791\">Compacte et facile \u00e0 transporter gr\u00e2ce \u00e0 sa <strong data-start=\"660\" data-end=\"683\">poign\u00e9e ergonomique<\/strong>, elle est parfaite pour <strong data-start=\"708\" data-end=\"790\">la maison, le bureau, les d\u00e9placements, le camping et les situations d\u2019urgence<\/strong>.<\/p>\n<hr data-start=\"793\" data-end=\"796\" \/>\n<h1 data-section-id=\"w9ospz\" data-start=\"798\" data-end=\"842\">\u26a1 Pourquoi choisir cette station d\u2019\u00e9nergie<\/h1>\n<p data-start=\"844\" data-end=\"1279\">\u2714 \ud83d\udd0b <strong data-start=\"849\" data-end=\"876\">Batterie haute capacit\u00e9<\/strong> pour plusieurs heures d\u2019utilisation<br data-start=\"912\" data-end=\"915\" \/>\u2714 \ud83d\udd0c <strong data-start=\"920\" data-end=\"949\">Prise secteur AC int\u00e9gr\u00e9e<\/strong> pour alimenter petits appareils<br data-start=\"981\" data-end=\"984\" \/>\u2714 \ud83d\udcf1 <strong data-start=\"989\" data-end=\"1010\">Ports USB rapides<\/strong> pour smartphones et accessoires<br data-start=\"1042\" data-end=\"1045\" \/>\u2714 \ud83d\udca1 <strong data-start=\"1050\" data-end=\"1072\">Lampe LED int\u00e9gr\u00e9e<\/strong> id\u00e9ale en cas de coupure<br data-start=\"1097\" data-end=\"1100\" \/>\u2714 \u2600\ufe0f <strong data-start=\"1105\" data-end=\"1136\">Compatible recharge solaire<\/strong> (panneau optionnel)<br data-start=\"1156\" data-end=\"1159\" \/>\u2714 \ud83e\uddf3 <strong data-start=\"1164\" data-end=\"1195\">Design compact avec poign\u00e9e<\/strong> facile \u00e0 transporter<br data-start=\"1216\" data-end=\"1219\" \/>\u2714 \ud83d\udcdf <strong data-start=\"1224\" data-end=\"1249\">\u00c9cran LCD intelligent<\/strong> indiquant le niveau d\u2019\u00e9nergie<\/p>\n<hr data-start=\"1281\" data-end=\"1284\" \/>\n<h1 data-section-id=\"p8oyo3\" data-start=\"1286\" data-end=\"1312\">\ud83d\udd0c Appareils compatibles<\/h1>\n<p data-start=\"1314\" data-end=\"1344\">Cette station peut alimenter :<\/p>\n<ul data-start=\"1346\" data-end=\"1512\">\n<li data-section-id=\"1afb5zy\" data-start=\"1346\" data-end=\"1361\">\n<p data-start=\"1348\" data-end=\"1361\">Smartphones<\/p>\n<\/li>\n<li data-section-id=\"1x4w8bk\" data-start=\"1362\" data-end=\"1375\">\n<p data-start=\"1364\" data-end=\"1375\">Tablettes<\/p>\n<\/li>\n<li data-section-id=\"a2buoi\" data-start=\"1376\" data-end=\"1401\">\n<p data-start=\"1378\" data-end=\"1401\">Ordinateurs portables<\/p>\n<\/li>\n<li data-section-id=\"1x4j8fo\" data-start=\"1402\" data-end=\"1419\">\n<p data-start=\"1404\" data-end=\"1419\">Routeurs WiFi<\/p>\n<\/li>\n<li data-section-id=\"15u4bk3\" data-start=\"1420\" data-end=\"1434\">\n<p data-start=\"1422\" data-end=\"1434\">Lampes LED<\/p>\n<\/li>\n<li data-section-id=\"1uxt0ww\" data-start=\"1435\" data-end=\"1451\">\n<p data-start=\"1437\" data-end=\"1451\">Ventilateurs<\/p>\n<\/li>\n<li data-section-id=\"1qbig6g\" data-start=\"1452\" data-end=\"1479\">\n<p data-start=\"1454\" data-end=\"1479\">Cam\u00e9ras de surveillance<\/p>\n<\/li>\n<li data-section-id=\"1ufi49\" data-start=\"1480\" data-end=\"1512\">\n<p data-start=\"1482\" data-end=\"1512\">Petits appareils \u00e9lectroniques<\/p>\n<\/li>\n<\/ul>\n<p data-start=\"1514\" data-end=\"1540\">\u26a0\ufe0f Non recommand\u00e9 pour :<\/p>\n<ul data-start=\"1541\" data-end=\"1637\">\n<li data-section-id=\"1um6h7a\" data-start=\"1541\" data-end=\"1559\">\n<p data-start=\"1543\" data-end=\"1559\">R\u00e9frig\u00e9rateurs<\/p>\n<\/li>\n<li data-section-id=\"1s15vyd\" data-start=\"1560\" data-end=\"1587\">\n<p data-start=\"1562\" data-end=\"1587\">Bouilloires \u00e9lectriques<\/p>\n<\/li>\n<li data-section-id=\"qm2i4o\" data-start=\"1588\" data-end=\"1606\">\n<p data-start=\"1590\" data-end=\"1606\">Fer \u00e0 repasser<\/p>\n<\/li>\n<li data-section-id=\"1olzbwn\" data-start=\"1607\" data-end=\"1637\">\n<p data-start=\"1609\" data-end=\"1637\">Appareils de forte puissance<\/p>\n<\/li>\n<\/ul>\n<hr data-start=\"1639\" data-end=\"1642\" \/>\n<h1 data-section-id=\"1pfyohd\" data-start=\"1644\" data-end=\"1674\">\ud83d\udcca Fiche Technique D\u00e9taill\u00e9e<\/h1>\n<div class=\"TyagGW_tableContainer\">\n<div class=\"group TyagGW_tableWrapper flex flex-col-reverse w-fit\" tabindex=\"-1\">\n<table class=\"w-fit min-w-(--thread-content-width)\" data-start=\"1676\" data-end=\"2139\">\n<thead data-start=\"1676\" data-end=\"1705\">\n<tr data-start=\"1676\" data-end=\"1705\">\n<th class=\"\" data-start=\"1676\" data-end=\"1694\" data-col-size=\"sm\">Caract\u00e9ristique<\/th>\n<th class=\"\" data-start=\"1694\" data-end=\"1705\" data-col-size=\"sm\">D\u00e9tails<\/th>\n<\/tr>\n<\/thead>\n<tbody data-start=\"1716\" data-end=\"2139\">\n<tr data-start=\"1716\" data-end=\"1764\">\n<td data-start=\"1716\" data-end=\"1734\" data-col-size=\"sm\">Type de produit<\/td>\n<td data-start=\"1734\" data-end=\"1764\" data-col-size=\"sm\">Station d\u2019\u00e9nergie portable<\/td>\n<\/tr>\n<tr data-start=\"1765\" data-end=\"1809\">\n<td data-start=\"1765\" data-end=\"1776\" data-col-size=\"sm\">Batterie<\/td>\n<td data-col-size=\"sm\" data-start=\"1776\" data-end=\"1809\">Batterie lithium rechargeable<\/td>\n<\/tr>\n<tr data-start=\"1810\" data-end=\"1843\">\n<td data-start=\"1810\" data-end=\"1831\" data-col-size=\"sm\">Puissance maximale<\/td>\n<td data-col-size=\"sm\" data-start=\"1831\" data-end=\"1843\"><strong data-start=\"1833\" data-end=\"1841\">150W<\/strong><\/td>\n<\/tr>\n<tr data-start=\"1844\" data-end=\"1878\">\n<td data-start=\"1844\" data-end=\"1856\" data-col-size=\"sm\">Sortie AC<\/td>\n<td data-start=\"1856\" data-end=\"1878\" data-col-size=\"sm\">220V prise secteur<\/td>\n<\/tr>\n<tr data-start=\"1879\" data-end=\"1906\">\n<td data-start=\"1879\" data-end=\"1891\" data-col-size=\"sm\">Ports USB<\/td>\n<td data-col-size=\"sm\" data-start=\"1891\" data-end=\"1906\">2 ports USB<\/td>\n<\/tr>\n<tr data-start=\"1907\" data-end=\"1942\">\n<td data-start=\"1907\" data-end=\"1920\" data-col-size=\"sm\">Sorties DC<\/td>\n<td data-col-size=\"sm\" data-start=\"1920\" data-end=\"1942\">Ports DC multiples<\/td>\n<\/tr>\n<tr data-start=\"1943\" data-end=\"1980\">\n<td data-start=\"1943\" data-end=\"1955\" data-col-size=\"sm\">Affichage<\/td>\n<td data-col-size=\"sm\" data-start=\"1955\" data-end=\"1980\">\u00c9cran LCD intelligent<\/td>\n<\/tr>\n<tr data-start=\"1981\" data-end=\"2015\">\n<td data-start=\"1981\" data-end=\"1993\" data-col-size=\"sm\">\u00c9clairage<\/td>\n<td data-col-size=\"sm\" data-start=\"1993\" data-end=\"2015\">Lampe LED int\u00e9gr\u00e9e<\/td>\n<\/tr>\n<tr data-start=\"2016\" data-end=\"2067\">\n<td data-start=\"2016\" data-end=\"2027\" data-col-size=\"sm\">Recharge<\/td>\n<td data-col-size=\"sm\" data-start=\"2027\" data-end=\"2067\">Adaptateur secteur \/ panneau solaire<\/td>\n<\/tr>\n<tr data-start=\"2068\" data-end=\"2103\">\n<td data-start=\"2068\" data-end=\"2079\" data-col-size=\"sm\">Mat\u00e9riau<\/td>\n<td data-col-size=\"sm\" data-start=\"2079\" data-end=\"2103\">ABS haute r\u00e9sistance<\/td>\n<\/tr>\n<tr data-start=\"2104\" data-end=\"2139\">\n<td data-start=\"2104\" data-end=\"2116\" data-col-size=\"sm\">Transport<\/td>\n<td data-col-size=\"sm\" data-start=\"2116\" data-end=\"2139\">Poign\u00e9e ergonomique<\/td>\n<\/tr>\n<\/tbody>\n<\/table>\n<\/div>\n<\/div>\n<hr data-start=\"2141\" data-end=\"2144\" \/>\n<h1 data-section-id=\"6f7tr2\" data-start=\"2146\" data-end=\"2167\">\ud83d\udce6 Contenu du colis<\/h1>\n<ul data-start=\"2169\" data-end=\"2268\">\n<li data-section-id=\"1tkg076\" data-start=\"2169\" data-end=\"2208\">\n<p data-start=\"2171\" data-end=\"2208\">1 \u00d7 Station d\u2019\u00e9nergie portable 150W<\/p>\n<\/li>\n<li data-section-id=\"1throk5\" data-start=\"2209\" data-end=\"2239\">\n<p data-start=\"2211\" data-end=\"2239\">1 \u00d7 Adaptateur de recharge<\/p>\n<\/li>\n<li data-section-id=\"euolri\" data-start=\"2240\" data-end=\"2268\">\n<p data-start=\"2242\" data-end=\"2268\">1 \u00d7 Manuel d\u2019utilisation<\/p>\n<\/li>\n<\/ul>\n<hr data-start=\"2270\" data-end=\"2273\" \/>\n<h1 data-section-id=\"x4pbim\" data-start=\"2275\" data-end=\"2304\">\ud83d\udee1\ufe0f Protections de s\u00e9curit\u00e9<\/h1>\n<p data-start=\"2306\" data-end=\"2454\">\u2714 Protection contre la surcharge<br data-start=\"2338\" data-end=\"2341\" \/>\u2714 Protection contre les courts-circuits<br data-start=\"2380\" data-end=\"2383\" \/>\u2714 Protection contre la surchauffe<br data-start=\"2416\" data-end=\"2419\" \/>\u2714 Protection contre les surtensions<\/p>\n<\/div>\n<\/div>\n<\/div>\n<\/div>\n<\/div>\n<\/div>\n<\/article>\n<\/div>\n","protected":false},"excerpt":{"rendered":"<p>Restez aliment\u00e9 m\u00eame pendant les coupures d\u2019\u00e9lectricit\u00e9 gr\u00e2ce \u00e0 cette station d\u2019\u00e9nergie portable 150W compacte et puissante. Elle permet de recharger et d\u2019alimenter facilement vos t\u00e9l\u00e9phones, ordinateurs portables, routeurs WiFi, lampes LED, ventilateurs et autres appareils \u00e9lectroniques. Gr\u00e2ce \u00e0 ses sorties AC, USB et DC, cette station peut alimenter plusieurs appareils en m\u00eame temps. Son&hellip;<\/p>\n","protected":false},"featured_media":16225,"comment_status":"open","ping_status":"closed","template":"","meta":[],"product_cat":[100],"product_tag":[],"class_list":{"0":"post-16223","1":"product","2":"type-product","3":"status-publish","4":"has-post-thumbnail","6":"product_cat-electromenager","8":"first","9":"instock","10":"sale","11":"shipping-taxable","12":"purchasable","13":"product-type-simple","14":"col-xs-6 col-sm-4","15":"col-md-3 col-lg-3","16":"un-4-cols"},"_links":{"self":[{"href":"https:\/\/www.vazy.market\/index.php\/wp-json\/wp\/v2\/product\/16223","targetHints":{"allow":["GET"]}}],"collection":[{"href":"https:\/\/www.vazy.market\/index.php\/wp-json\/wp\/v2\/product"}],"about":[{"href":"https:\/\/www.vazy.market\/index.php\/wp-json\/wp\/v2\/types\/product"}],"replies":[{"embeddable":true,"href":"https:\/\/www.vazy.market\/index.php\/wp-json\/wp\/v2\/comments?post=16223"}],"wp:featuredmedia":[{"embeddable":true,"href":"https:\/\/www.vazy.market\/index.php\/wp-json\/wp\/v2\/media\/16225"}],"wp:attachment":[{"href":"https:\/\/www.vazy.market\/index.php\/wp-json\/wp\/v2\/media?parent=16223"}],"wp:term":[{"taxonomy":"product_cat","embeddable":true,"href":"https:\/\/www.vazy.market\/index.php\/wp-json\/wp\/v2\/product_cat?post=16223"},{"taxonomy":"product_tag","embeddable":true,"href":"https:\/\/www.vazy.market\/index.php\/wp-json\/wp\/v2\/product_tag?post=16223"}],"curies":[{"name":"wp","href":"https:\/\/api.w.org\/{rel}","templated":true}]}}