{"id":16195,"date":"2026-03-08T20:37:25","date_gmt":"2026-03-08T20:37:25","guid":{"rendered":"https:\/\/www.vazy.market\/?post_type=product&#038;p=16195"},"modified":"2026-03-25T10:43:33","modified_gmt":"2026-03-25T10:43:33","slug":"power-bank-solaire-kf-solar-20-000mah-batterie-externe-avec-cables-integres","status":"publish","type":"product","link":"https:\/\/www.vazy.market\/index.php\/product\/power-bank-solaire-kf-solar-20-000mah-batterie-externe-avec-cables-integres\/","title":{"rendered":"\ud83d\udd06 Power Bank Solaire KF SOLAR 20 000mah \u2013 Batterie Externe avec C\u00e2bles Int\u00e9gr\u00e9s"},"content":{"rendered":"<p data-start=\"75\" data-end=\"424\">Restez toujours charg\u00e9, m\u00eame sans \u00e9lectricit\u00e9. La <strong data-start=\"125\" data-end=\"156\">Power Bank Solaire KF SOLAR<\/strong> est la solution id\u00e9ale pour les zones o\u00f9 les coupures de courant sont fr\u00e9quentes. Gr\u00e2ce \u00e0 son <strong data-start=\"251\" data-end=\"278\">panneau solaire int\u00e9gr\u00e9<\/strong>, ses <strong data-start=\"284\" data-end=\"304\">c\u00e2bles multiples<\/strong> et sa <strong data-start=\"311\" data-end=\"330\">grande capacit\u00e9<\/strong>, elle vous permet de recharger vos appareils <strong data-start=\"376\" data-end=\"423\">\u00e0 la maison, en d\u00e9placement ou en plein air<\/strong>.<\/p>\n<p data-start=\"426\" data-end=\"594\">Compacte, pratique et con\u00e7ue pour les r\u00e9alit\u00e9s du quotidien en Afrique, elle est parfaite pour <strong data-start=\"521\" data-end=\"593\">smartphones, \u00e9couteurs, lampes rechargeables et autres appareils USB<\/strong>.<\/p>\n<hr data-start=\"596\" data-end=\"599\" \/>\n<h2 data-section-id=\"1y37cye\" data-start=\"601\" data-end=\"618\">\u2b50 Points Forts<\/h2>\n<p data-start=\"619\" data-end=\"966\">\u2714 \u2600\ufe0f <strong data-start=\"624\" data-end=\"653\">Recharge solaire int\u00e9gr\u00e9e<\/strong> pour charger en cas de coupure d\u2019\u00e9lectricit\u00e9<br data-start=\"698\" data-end=\"701\" \/>\u2714 \ud83d\udd0c <strong data-start=\"706\" data-end=\"735\">Plusieurs c\u00e2bles int\u00e9gr\u00e9s<\/strong> (Type-C, Micro-USB, Lightning)<br data-start=\"766\" data-end=\"769\" \/>\u2714 \u26a1 <strong data-start=\"773\" data-end=\"796\">Charge rapide 22.5W<\/strong><br data-start=\"796\" data-end=\"799\" \/>\u2714 \ud83d\udd22 <strong data-start=\"804\" data-end=\"825\">\u00c9cran digital LED<\/strong> affichant le niveau de batterie<br data-start=\"857\" data-end=\"860\" \/>\u2714 \ud83d\udd0b <strong data-start=\"865\" data-end=\"909\">Grande capacit\u00e9 pour plusieurs recharges<\/strong><br data-start=\"909\" data-end=\"912\" \/>\u2714 \ud83c\udf92 <strong data-start=\"917\" data-end=\"966\">Id\u00e9al pour voyage, camping et usage quotidien<\/strong><\/p>\n<hr data-start=\"968\" data-end=\"971\" \/>\n<h2 data-section-id=\"1w46jz\" data-start=\"973\" data-end=\"994\">\ud83d\udcca Fiche Technique<\/h2>\n<div class=\"TyagGW_tableContainer\">\n<div class=\"group TyagGW_tableWrapper flex flex-col-reverse w-fit\" tabindex=\"-1\">\n<table class=\"w-fit min-w-(--thread-content-width)\" data-start=\"996\" data-end=\"1439\">\n<thead data-start=\"996\" data-end=\"1025\">\n<tr data-start=\"996\" data-end=\"1025\">\n<th class=\"\" data-start=\"996\" data-end=\"1014\" data-col-size=\"sm\">Caract\u00e9ristique<\/th>\n<th class=\"\" data-start=\"1014\" data-end=\"1025\" data-col-size=\"sm\">D\u00e9tails<\/th>\n<\/tr>\n<\/thead>\n<tbody data-start=\"1036\" data-end=\"1439\">\n<tr data-start=\"1036\" data-end=\"1057\">\n<td data-start=\"1036\" data-end=\"1045\" data-col-size=\"sm\">Marque<\/td>\n<td data-col-size=\"sm\" data-start=\"1045\" data-end=\"1057\">KF SOLAR<\/td>\n<\/tr>\n<tr data-start=\"1058\" data-end=\"1098\">\n<td data-start=\"1058\" data-end=\"1076\" data-col-size=\"sm\">Type de produit<\/td>\n<td data-col-size=\"sm\" data-start=\"1076\" data-end=\"1098\">Power Bank solaire<\/td>\n<\/tr>\n<tr data-start=\"1099\" data-end=\"1134\">\n<td data-start=\"1099\" data-end=\"1119\" data-col-size=\"sm\">Capacit\u00e9 batterie<\/td>\n<td data-col-size=\"sm\" data-start=\"1119\" data-end=\"1134\">20 000 mAh*<\/td>\n<\/tr>\n<tr data-start=\"1135\" data-end=\"1178\">\n<td data-start=\"1135\" data-end=\"1157\" data-col-size=\"sm\">Puissance de sortie<\/td>\n<td data-col-size=\"sm\" data-start=\"1157\" data-end=\"1178\">22.5W Fast Charge<\/td>\n<\/tr>\n<tr data-start=\"1179\" data-end=\"1215\">\n<td data-start=\"1179\" data-end=\"1190\" data-col-size=\"sm\">Recharge<\/td>\n<td data-col-size=\"sm\" data-start=\"1190\" data-end=\"1215\">USB + panneau solaire<\/td>\n<\/tr>\n<tr data-start=\"1216\" data-end=\"1266\">\n<td data-start=\"1216\" data-end=\"1234\" data-col-size=\"sm\">C\u00e2bles int\u00e9gr\u00e9s<\/td>\n<td data-col-size=\"sm\" data-start=\"1234\" data-end=\"1266\">Lightning, Micro-USB, Type-C<\/td>\n<\/tr>\n<tr data-start=\"1267\" data-end=\"1291\">\n<td data-start=\"1267\" data-end=\"1275\" data-col-size=\"sm\">Ports<\/td>\n<td data-col-size=\"sm\" data-start=\"1275\" data-end=\"1291\">USB \/ Type-C<\/td>\n<\/tr>\n<tr data-start=\"1292\" data-end=\"1325\">\n<td data-start=\"1292\" data-end=\"1304\" data-col-size=\"sm\">Affichage<\/td>\n<td data-col-size=\"sm\" data-start=\"1304\" data-end=\"1325\">\u00c9cran LED digital<\/td>\n<\/tr>\n<tr data-start=\"1326\" data-end=\"1361\">\n<td data-start=\"1326\" data-end=\"1337\" data-col-size=\"sm\">Mat\u00e9riau<\/td>\n<td data-col-size=\"sm\" data-start=\"1337\" data-end=\"1361\">ABS haute r\u00e9sistance<\/td>\n<\/tr>\n<tr data-start=\"1362\" data-end=\"1381\">\n<td data-start=\"1362\" data-end=\"1372\" data-col-size=\"sm\">Couleur<\/td>\n<td data-col-size=\"sm\" data-start=\"1372\" data-end=\"1381\">Blanc, noir<\/td>\n<\/tr>\n<tr data-start=\"1382\" data-end=\"1439\">\n<td data-start=\"1382\" data-end=\"1396\" data-col-size=\"sm\">Utilisation<\/td>\n<td data-col-size=\"sm\" data-start=\"1396\" data-end=\"1439\">Smartphones, tablettes, accessoires USB<\/td>\n<\/tr>\n<\/tbody>\n<\/table>\n<\/div>\n<\/div>\n<p data-start=\"1441\" data-end=\"1493\">*La capacit\u00e9 peut varier selon le lot du fabricant.<\/p>\n<hr data-start=\"1495\" data-end=\"1498\" \/>\n<h2 data-section-id=\"1hfz1j1\" data-start=\"1500\" data-end=\"1522\">\ud83d\udce6 Contenu du colis<\/h2>\n<ul data-start=\"1523\" data-end=\"1587\">\n<li data-section-id=\"2kh2wm\" data-start=\"1523\" data-end=\"1558\">\n<p data-start=\"1525\" data-end=\"1558\">1 \u00d7 Power Bank Solaire KF SOLAR<\/p>\n<\/li>\n<li data-section-id=\"euolri\" data-start=\"1559\" data-end=\"1587\">\n<p data-start=\"1561\" data-end=\"1587\">1 \u00d7 Manuel d\u2019utilisation<\/p>\n<\/li>\n<\/ul>\n<p data-start=\"1770\" data-end=\"1880\">\n<hr data-start=\"1882\" data-end=\"1885\" \/>\n<p data-start=\"1887\" data-end=\"2025\">\u2705 <strong data-start=\"1889\" data-end=\"1937\">Nom recommand\u00e9 pour ta boutique e-commerce :<\/strong><br data-start=\"1937\" data-end=\"1940\" \/><strong data-start=\"1940\" data-end=\"2025\">Power Bank Solaire KF SOLAR 20000mAh \u2013 Charge Rapide 22.5W avec 4 C\u00e2bles Int\u00e9gr\u00e9s<\/strong><\/p>\n","protected":false},"excerpt":{"rendered":"<p>Restez toujours charg\u00e9, m\u00eame sans \u00e9lectricit\u00e9. La Power Bank Solaire KF SOLAR est la solution id\u00e9ale pour les zones o\u00f9 les coupures de courant sont fr\u00e9quentes. Gr\u00e2ce \u00e0 son panneau solaire int\u00e9gr\u00e9, ses c\u00e2bles multiples et sa grande capacit\u00e9, elle vous permet de recharger vos appareils \u00e0 la maison, en d\u00e9placement ou en plein air.&hellip;<\/p>\n","protected":false},"featured_media":16200,"comment_status":"open","ping_status":"closed","template":"","meta":[],"product_cat":[78],"product_tag":[],"class_list":{"0":"post-16195","1":"product","2":"type-product","3":"status-publish","4":"has-post-thumbnail","6":"product_cat-accessoires","8":"first","9":"instock","10":"sale","11":"shipping-taxable","12":"purchasable","13":"product-type-simple","14":"col-xs-6 col-sm-4","15":"col-md-3 col-lg-3","16":"un-4-cols"},"_links":{"self":[{"href":"https:\/\/www.vazy.market\/index.php\/wp-json\/wp\/v2\/product\/16195","targetHints":{"allow":["GET"]}}],"collection":[{"href":"https:\/\/www.vazy.market\/index.php\/wp-json\/wp\/v2\/product"}],"about":[{"href":"https:\/\/www.vazy.market\/index.php\/wp-json\/wp\/v2\/types\/product"}],"replies":[{"embeddable":true,"href":"https:\/\/www.vazy.market\/index.php\/wp-json\/wp\/v2\/comments?post=16195"}],"wp:featuredmedia":[{"embeddable":true,"href":"https:\/\/www.vazy.market\/index.php\/wp-json\/wp\/v2\/media\/16200"}],"wp:attachment":[{"href":"https:\/\/www.vazy.market\/index.php\/wp-json\/wp\/v2\/media?parent=16195"}],"wp:term":[{"taxonomy":"product_cat","embeddable":true,"href":"https:\/\/www.vazy.market\/index.php\/wp-json\/wp\/v2\/product_cat?post=16195"},{"taxonomy":"product_tag","embeddable":true,"href":"https:\/\/www.vazy.market\/index.php\/wp-json\/wp\/v2\/product_tag?post=16195"}],"curies":[{"name":"wp","href":"https:\/\/api.w.org\/{rel}","templated":true}]}}