{"id":16189,"date":"2026-03-08T20:22:27","date_gmt":"2026-03-08T20:22:27","guid":{"rendered":"https:\/\/www.vazy.market\/?post_type=product&#038;p=16189"},"modified":"2026-03-25T10:43:48","modified_gmt":"2026-03-25T10:43:48","slug":"mini-power-bank-22-5w-avec-cables-integres","status":"publish","type":"product","link":"https:\/\/www.vazy.market\/index.php\/product\/mini-power-bank-22-5w-avec-cables-integres\/","title":{"rendered":"\ud83d\udd0b Power Bank FONENG PX115 10000mAh 22.5W"},"content":{"rendered":"<p data-start=\"76\" data-end=\"313\">Ne tombez plus jamais en panne de batterie. Cette <strong data-start=\"126\" data-end=\"166\">mini power bank ultra-compacte 22.5W<\/strong> est con\u00e7ue pour les utilisateurs modernes qui veulent <strong data-start=\"221\" data-end=\"310\">recharger leurs appareils rapidement, facilement et sans transporter plusieurs c\u00e2bles<\/strong>.<\/p>\n<p data-start=\"315\" data-end=\"460\">Gr\u00e2ce \u00e0 ses <strong data-start=\"327\" data-end=\"367\">c\u00e2bles int\u00e9gr\u00e9s et son \u00e9cran digital<\/strong>, elle devient l\u2019alli\u00e9e id\u00e9ale pour vos <strong data-start=\"407\" data-end=\"459\">d\u00e9placements, voyages, bureau ou usage quotidien<\/strong>.<\/p>\n<p data-start=\"462\" data-end=\"645\">Son design compact lui permet de <strong data-start=\"495\" data-end=\"540\">tenir facilement dans une poche ou un sac<\/strong>, tout en offrant une <strong data-start=\"562\" data-end=\"644\">puissance de charge rapide pour smartphones, \u00e9couteurs et autres appareils USB<\/strong>.<\/p>\n<hr data-start=\"647\" data-end=\"650\" \/>\n<h2 data-section-id=\"1y37cye\" data-start=\"652\" data-end=\"669\">\u2b50 Points Forts<\/h2>\n<p data-start=\"670\" data-end=\"1035\">\u2714 \u26a1 <strong data-start=\"674\" data-end=\"697\">Charge rapide 22.5W<\/strong> pour recharger vos appareils plus vite<br data-start=\"736\" data-end=\"739\" \/>\u2714 \ud83d\udd0c <strong data-start=\"744\" data-end=\"773\">C\u00e2bles int\u00e9gr\u00e9s multiples<\/strong> \u2013 plus besoin de transporter vos c\u00e2bles<br data-start=\"813\" data-end=\"816\" \/>\u2714 \ud83d\udcf1 <strong data-start=\"821\" data-end=\"852\">Compatible Android &amp; iPhone<\/strong><br data-start=\"852\" data-end=\"855\" \/>\u2714 \ud83d\udd22 <strong data-start=\"860\" data-end=\"885\">\u00c9cran LED intelligent<\/strong> affichant le niveau exact de batterie<br data-start=\"923\" data-end=\"926\" \/>\u2714 \ud83c\udf92 <strong data-start=\"931\" data-end=\"960\">Ultra compact et portable<\/strong> \u2013 parfait pour voyager<br data-start=\"983\" data-end=\"986\" \/>\u2714 \ud83d\udd0b <strong data-start=\"991\" data-end=\"1010\">Grande capacit\u00e9<\/strong> pour plusieurs recharges<\/p>\n<hr data-start=\"1037\" data-end=\"1040\" \/>\n<h2 data-section-id=\"1w46jz\" data-start=\"1042\" data-end=\"1063\">\ud83d\udcca Fiche Technique<\/h2>\n<div class=\"TyagGW_tableContainer\">\n<div class=\"group TyagGW_tableWrapper flex flex-col-reverse w-fit\" tabindex=\"-1\">\n<table class=\"w-fit min-w-(--thread-content-width)\" data-start=\"1065\" data-end=\"1529\">\n<thead data-start=\"1065\" data-end=\"1094\">\n<tr data-start=\"1065\" data-end=\"1094\">\n<th class=\"\" data-start=\"1065\" data-end=\"1083\" data-col-size=\"sm\">Caract\u00e9ristique<\/th>\n<th class=\"\" data-start=\"1083\" data-end=\"1094\" data-col-size=\"sm\">D\u00e9tails<\/th>\n<\/tr>\n<\/thead>\n<tbody data-start=\"1105\" data-end=\"1529\">\n<tr data-start=\"1105\" data-end=\"1163\">\n<td data-start=\"1105\" data-end=\"1123\" data-col-size=\"sm\">Type de produit<\/td>\n<td data-col-size=\"sm\" data-start=\"1123\" data-end=\"1163\">Mini Power Bank avec c\u00e2bles int\u00e9gr\u00e9s<\/td>\n<\/tr>\n<tr data-start=\"1164\" data-end=\"1199\">\n<td data-start=\"1164\" data-end=\"1184\" data-col-size=\"sm\">Capacit\u00e9 batterie<\/td>\n<td data-col-size=\"sm\" data-start=\"1184\" data-end=\"1199\">10 000 mAh*<\/td>\n<\/tr>\n<tr data-start=\"1200\" data-end=\"1245\">\n<td data-start=\"1200\" data-end=\"1222\" data-col-size=\"sm\">Puissance de sortie<\/td>\n<td data-col-size=\"sm\" data-start=\"1222\" data-end=\"1245\">22.5W Charge rapide<\/td>\n<\/tr>\n<tr data-start=\"1246\" data-end=\"1299\">\n<td data-start=\"1246\" data-end=\"1264\" data-col-size=\"sm\">Ports de sortie<\/td>\n<td data-col-size=\"sm\" data-start=\"1264\" data-end=\"1299\">USB \/ c\u00e2bles int\u00e9gr\u00e9s multiples<\/td>\n<\/tr>\n<tr data-start=\"1300\" data-end=\"1353\">\n<td data-start=\"1300\" data-end=\"1316\" data-col-size=\"sm\">Compatibilit\u00e9<\/td>\n<td data-col-size=\"sm\" data-start=\"1316\" data-end=\"1353\">Smartphones, \u00e9couteurs, tablettes<\/td>\n<\/tr>\n<tr data-start=\"1354\" data-end=\"1387\">\n<td data-start=\"1354\" data-end=\"1366\" data-col-size=\"sm\">Affichage<\/td>\n<td data-col-size=\"sm\" data-start=\"1366\" data-end=\"1387\">\u00c9cran LED digital<\/td>\n<\/tr>\n<tr data-start=\"1388\" data-end=\"1432\">\n<td data-start=\"1388\" data-end=\"1402\" data-col-size=\"sm\">Technologie<\/td>\n<td data-col-size=\"sm\" data-start=\"1402\" data-end=\"1432\">Charge rapide intelligente<\/td>\n<\/tr>\n<tr data-start=\"1433\" data-end=\"1478\">\n<td data-start=\"1433\" data-end=\"1444\" data-col-size=\"sm\">Mat\u00e9riau<\/td>\n<td data-col-size=\"sm\" data-start=\"1444\" data-end=\"1478\">ABS + composants \u00e9lectroniques<\/td>\n<\/tr>\n<tr data-start=\"1479\" data-end=\"1497\">\n<td data-start=\"1479\" data-end=\"1489\" data-col-size=\"sm\">Couleur<\/td>\n<td data-col-size=\"sm\" data-start=\"1489\" data-end=\"1497\">Noir<\/td>\n<\/tr>\n<tr data-start=\"1498\" data-end=\"1529\">\n<td data-start=\"1498\" data-end=\"1507\" data-col-size=\"sm\">Format<\/td>\n<td data-col-size=\"sm\" data-start=\"1507\" data-end=\"1529\">Compact \/ portable<\/td>\n<\/tr>\n<\/tbody>\n<\/table>\n<\/div>\n<\/div>\n<p data-start=\"1531\" data-end=\"1573\">*La capacit\u00e9 peut varier selon le mod\u00e8le.<\/p>\n<hr data-start=\"1575\" data-end=\"1578\" \/>\n<h2 data-section-id=\"1hfz1j1\" data-start=\"1580\" data-end=\"1602\">\ud83d\udce6 Contenu du colis<\/h2>\n<ul data-start=\"1603\" data-end=\"1661\">\n<li data-section-id=\"1hfm2yg\" data-start=\"1603\" data-end=\"1632\">\n<p data-start=\"1605\" data-end=\"1632\">1 \u00d7 Mini Power Bank 22.5W<\/p>\n<\/li>\n<li data-section-id=\"euolri\" data-start=\"1633\" data-end=\"1661\">\n<p data-start=\"1635\" data-end=\"1661\">1 \u00d7 Manuel d\u2019utilisation<\/p>\n<\/li>\n<\/ul>\n<hr data-start=\"1663\" data-end=\"1666\" \/>\n<p data-start=\"1668\" data-end=\"1805\">\ud83d\udca1 <strong data-start=\"1671\" data-end=\"1803\">Le compagnon indispensable pour rester connect\u00e9 partout en Afrique : maison, bureau, voyage, transport ou coupure d\u2019\u00e9lectricit\u00e9.<\/strong><\/p>\n<p data-start=\"1807\" data-end=\"1878\" data-is-last-node=\"\" data-is-only-node=\"\">\ud83d\udc49 <strong data-start=\"1810\" data-end=\"1874\">Commandez maintenant et ne manquez plus jamais de batterie !<\/strong> \ud83d\udd0b\u26a1<\/p>\n","protected":false},"excerpt":{"rendered":"<p>Ne tombez plus jamais en panne de batterie. Cette mini power bank ultra-compacte 22.5W est con\u00e7ue pour les utilisateurs modernes qui veulent recharger leurs appareils rapidement, facilement et sans transporter plusieurs c\u00e2bles. Gr\u00e2ce \u00e0 ses c\u00e2bles int\u00e9gr\u00e9s et son \u00e9cran digital, elle devient l\u2019alli\u00e9e id\u00e9ale pour vos d\u00e9placements, voyages, bureau ou usage quotidien. Son design&hellip;<\/p>\n","protected":false},"featured_media":16191,"comment_status":"open","ping_status":"closed","template":"","meta":[],"product_cat":[78],"product_tag":[],"class_list":{"0":"post-16189","1":"product","2":"type-product","3":"status-publish","4":"has-post-thumbnail","6":"product_cat-accessoires","8":"first","9":"instock","10":"sale","11":"shipping-taxable","12":"purchasable","13":"product-type-simple","14":"col-xs-6 col-sm-4","15":"col-md-3 col-lg-3","16":"un-4-cols"},"_links":{"self":[{"href":"https:\/\/www.vazy.market\/index.php\/wp-json\/wp\/v2\/product\/16189","targetHints":{"allow":["GET"]}}],"collection":[{"href":"https:\/\/www.vazy.market\/index.php\/wp-json\/wp\/v2\/product"}],"about":[{"href":"https:\/\/www.vazy.market\/index.php\/wp-json\/wp\/v2\/types\/product"}],"replies":[{"embeddable":true,"href":"https:\/\/www.vazy.market\/index.php\/wp-json\/wp\/v2\/comments?post=16189"}],"wp:featuredmedia":[{"embeddable":true,"href":"https:\/\/www.vazy.market\/index.php\/wp-json\/wp\/v2\/media\/16191"}],"wp:attachment":[{"href":"https:\/\/www.vazy.market\/index.php\/wp-json\/wp\/v2\/media?parent=16189"}],"wp:term":[{"taxonomy":"product_cat","embeddable":true,"href":"https:\/\/www.vazy.market\/index.php\/wp-json\/wp\/v2\/product_cat?post=16189"},{"taxonomy":"product_tag","embeddable":true,"href":"https:\/\/www.vazy.market\/index.php\/wp-json\/wp\/v2\/product_tag?post=16189"}],"curies":[{"name":"wp","href":"https:\/\/api.w.org\/{rel}","templated":true}]}}