{"id":16184,"date":"2026-03-08T17:50:58","date_gmt":"2026-03-08T17:50:58","guid":{"rendered":"https:\/\/www.vazy.market\/?post_type=product&#038;p=16184"},"modified":"2026-03-25T10:44:04","modified_gmt":"2026-03-25T10:44:04","slug":"ecouteurs-bluetooth-hoco-ew71-true-wireless-earbuds","status":"publish","type":"product","link":"https:\/\/www.vazy.market\/index.php\/product\/ecouteurs-bluetooth-hoco-ew71-true-wireless-earbuds\/","title":{"rendered":"\u00c9couteurs Bluetooth HOCO EW71 True Wireless Earbuds"},"content":{"rendered":"<p data-start=\"182\" data-end=\"461\">Profitez d\u2019une <strong data-start=\"197\" data-end=\"224\">libert\u00e9 totale sans fil<\/strong> avec les \u00e9couteurs Bluetooth <strong data-start=\"254\" data-end=\"267\">HOCO EW71<\/strong>. Con\u00e7us pour offrir un son clair, une connexion rapide et un confort optimal, ces \u00e9couteurs sont parfaits pour \u00e9couter de la musique, passer des appels ou regarder des vid\u00e9os o\u00f9 que vous soyez.<\/p>\n<p data-start=\"463\" data-end=\"721\">Gr\u00e2ce \u00e0 leur <strong data-start=\"476\" data-end=\"505\">bo\u00eetier de charge compact<\/strong>, vous pouvez recharger facilement vos \u00e9couteurs et profiter d\u2019une <strong data-start=\"572\" data-end=\"610\">autonomie allant jusqu\u2019\u00e0 20 heures<\/strong>. Leur design ergonomique assure un maintien confortable dans l\u2019oreille, m\u00eame lors d\u2019une utilisation prolong\u00e9e.<\/p>\n<p data-start=\"723\" data-end=\"852\">Que ce soit pour le travail, les d\u00e9placements ou le sport, les <strong data-start=\"786\" data-end=\"799\">HOCO EW71<\/strong> vous accompagnent partout avec style et performance.<\/p>\n<hr data-start=\"854\" data-end=\"857\" \/>\n<h2 data-section-id=\"1a1ahae\" data-start=\"859\" data-end=\"874\">Points forts<\/h2>\n<p data-start=\"876\" data-end=\"1173\">\u2714 <strong data-start=\"878\" data-end=\"918\">Connexion Bluetooth rapide et stable<\/strong><br data-start=\"918\" data-end=\"921\" \/>\u2714 <strong data-start=\"923\" data-end=\"956\">Jusqu\u2019\u00e0 20 heures d\u2019autonomie<\/strong> avec le bo\u00eetier de charge<br data-start=\"982\" data-end=\"985\" \/>\u2714 <strong data-start=\"987\" data-end=\"1009\">Microphone int\u00e9gr\u00e9<\/strong> pour appels mains libres<br data-start=\"1034\" data-end=\"1037\" \/>\u2714 <strong data-start=\"1039\" data-end=\"1082\">Bo\u00eetier compact et facile \u00e0 transporter<\/strong><br data-start=\"1082\" data-end=\"1085\" \/>\u2714 <strong data-start=\"1087\" data-end=\"1121\">Design ergonomique confortable<\/strong><br data-start=\"1121\" data-end=\"1124\" \/>\u2714 Compatible <strong data-start=\"1137\" data-end=\"1173\">Android, iPhone, tablettes et PC<\/strong><\/p>\n<hr data-start=\"1175\" data-end=\"1178\" \/>\n<h1 data-section-id=\"1d4zeuz\" data-start=\"1180\" data-end=\"1197\">Fiche technique<\/h1>\n<div class=\"TyagGW_tableContainer\">\n<div class=\"group TyagGW_tableWrapper flex flex-col-reverse w-fit\" tabindex=\"-1\">\n<table class=\"w-fit min-w-(--thread-content-width)\" data-start=\"1199\" data-end=\"1702\">\n<thead data-start=\"1199\" data-end=\"1228\">\n<tr data-start=\"1199\" data-end=\"1228\">\n<th class=\"\" data-start=\"1199\" data-end=\"1217\" data-col-size=\"sm\">Caract\u00e9ristique<\/th>\n<th class=\"\" data-start=\"1217\" data-end=\"1228\" data-col-size=\"sm\">D\u00e9tails<\/th>\n<\/tr>\n<\/thead>\n<tbody data-start=\"1239\" data-end=\"1702\">\n<tr data-start=\"1239\" data-end=\"1256\">\n<td data-start=\"1239\" data-end=\"1248\" data-col-size=\"sm\">Marque<\/td>\n<td data-col-size=\"sm\" data-start=\"1248\" data-end=\"1256\">HOCO<\/td>\n<\/tr>\n<tr data-start=\"1257\" data-end=\"1274\">\n<td data-start=\"1257\" data-end=\"1266\" data-col-size=\"sm\">Mod\u00e8le<\/td>\n<td data-col-size=\"sm\" data-start=\"1266\" data-end=\"1274\">EW71<\/td>\n<\/tr>\n<tr data-start=\"1275\" data-end=\"1319\">\n<td data-start=\"1275\" data-end=\"1282\" data-col-size=\"sm\">Type<\/td>\n<td data-col-size=\"sm\" data-start=\"1282\" data-end=\"1319\">\u00c9couteurs Bluetooth True Wireless<\/td>\n<\/tr>\n<tr data-start=\"1320\" data-end=\"1357\">\n<td data-start=\"1320\" data-end=\"1340\" data-col-size=\"sm\">Version Bluetooth<\/td>\n<td data-col-size=\"sm\" data-start=\"1340\" data-end=\"1357\">Bluetooth 5.3<\/td>\n<\/tr>\n<tr data-start=\"1358\" data-end=\"1398\">\n<td data-start=\"1358\" data-end=\"1377\" data-col-size=\"sm\">Port\u00e9e Bluetooth<\/td>\n<td data-col-size=\"sm\" data-start=\"1377\" data-end=\"1398\">Jusqu&rsquo;\u00e0 10 m\u00e8tres<\/td>\n<\/tr>\n<tr data-start=\"1399\" data-end=\"1438\">\n<td data-start=\"1399\" data-end=\"1418\" data-col-size=\"sm\">Autonomie \u00e9coute<\/td>\n<td data-col-size=\"sm\" data-start=\"1418\" data-end=\"1438\">Jusqu&rsquo;\u00e0 4 heures<\/td>\n<\/tr>\n<tr data-start=\"1439\" data-end=\"1494\">\n<td data-start=\"1439\" data-end=\"1473\" data-col-size=\"sm\">Autonomie totale (avec bo\u00eetier)<\/td>\n<td data-col-size=\"sm\" data-start=\"1473\" data-end=\"1494\">Jusqu&rsquo;\u00e0 20 heures<\/td>\n<\/tr>\n<tr data-start=\"1495\" data-end=\"1534\">\n<td data-start=\"1495\" data-end=\"1513\" data-col-size=\"sm\">Temps de charge<\/td>\n<td data-col-size=\"sm\" data-start=\"1513\" data-end=\"1534\">Environ 1,5 heure<\/td>\n<\/tr>\n<tr data-start=\"1535\" data-end=\"1575\">\n<td data-start=\"1535\" data-end=\"1565\" data-col-size=\"sm\">Capacit\u00e9 batterie \u00e9couteurs<\/td>\n<td data-col-size=\"sm\" data-start=\"1565\" data-end=\"1575\">30 mAh<\/td>\n<\/tr>\n<tr data-start=\"1576\" data-end=\"1615\">\n<td data-start=\"1576\" data-end=\"1604\" data-col-size=\"sm\">Capacit\u00e9 batterie bo\u00eetier<\/td>\n<td data-col-size=\"sm\" data-start=\"1604\" data-end=\"1615\">300 mAh<\/td>\n<\/tr>\n<tr data-start=\"1616\" data-end=\"1652\">\n<td data-start=\"1616\" data-end=\"1638\" data-col-size=\"sm\">Interface de charge<\/td>\n<td data-col-size=\"sm\" data-start=\"1638\" data-end=\"1652\">USB Type-C<\/td>\n<\/tr>\n<tr data-start=\"1653\" data-end=\"1677\">\n<td data-start=\"1653\" data-end=\"1666\" data-col-size=\"sm\">Microphone<\/td>\n<td data-col-size=\"sm\" data-start=\"1666\" data-end=\"1677\">Int\u00e9gr\u00e9<\/td>\n<\/tr>\n<tr data-start=\"1678\" data-end=\"1702\">\n<td data-start=\"1678\" data-end=\"1690\" data-col-size=\"sm\">Commandes<\/td>\n<td data-col-size=\"sm\" data-start=\"1690\" data-end=\"1702\">Tactiles<\/td>\n<\/tr>\n<\/tbody>\n<\/table>\n<\/div>\n<\/div>\n<hr data-start=\"1704\" data-end=\"1707\" \/>\n<h1 data-section-id=\"1y6npat\" data-start=\"1709\" data-end=\"1730\">Dimensions et poids<\/h1>\n<div class=\"TyagGW_tableContainer\">\n<div class=\"group TyagGW_tableWrapper flex flex-col-reverse w-fit\" tabindex=\"-1\">\n<table class=\"w-fit min-w-(--thread-content-width)\" data-start=\"1732\" data-end=\"1836\">\n<thead data-start=\"1732\" data-end=\"1751\">\n<tr data-start=\"1732\" data-end=\"1751\">\n<th class=\"\" data-start=\"1732\" data-end=\"1741\" data-col-size=\"sm\">D\u00e9tail<\/th>\n<th class=\"\" data-start=\"1741\" data-end=\"1751\" data-col-size=\"sm\">Mesure<\/th>\n<\/tr>\n<\/thead>\n<tbody data-start=\"1762\" data-end=\"1836\">\n<tr data-start=\"1762\" data-end=\"1805\">\n<td data-start=\"1762\" data-end=\"1786\" data-col-size=\"sm\">Dimensions du bo\u00eetier<\/td>\n<td data-col-size=\"sm\" data-start=\"1786\" data-end=\"1805\">60 \u00d7 45 \u00d7 25 mm<\/td>\n<\/tr>\n<tr data-start=\"1806\" data-end=\"1836\">\n<td data-start=\"1806\" data-end=\"1820\" data-col-size=\"sm\">Poids total<\/td>\n<td data-col-size=\"sm\" data-start=\"1820\" data-end=\"1836\">Environ 45 g<\/td>\n<\/tr>\n<\/tbody>\n<\/table>\n<\/div>\n<\/div>\n<hr data-start=\"1838\" data-end=\"1841\" \/>\n<h1 data-section-id=\"kdhedi\" data-start=\"1843\" data-end=\"1860\">Contenu du pack<\/h1>\n<ul data-start=\"1862\" data-end=\"1978\">\n<li data-section-id=\"d6mntd\" data-start=\"1862\" data-end=\"1901\">\n<p data-start=\"1864\" data-end=\"1901\">2 \u00d7 \u00c9couteurs Bluetooth <strong data-start=\"1888\" data-end=\"1901\">HOCO EW71<\/strong><\/p>\n<\/li>\n<li data-section-id=\"8yyopn\" data-start=\"1926\" data-end=\"1951\">\n<p data-start=\"1928\" data-end=\"1951\">1 \u00d7 C\u00e2ble de charge USB<\/p>\n<\/li>\n<li data-section-id=\"f0k6ni\" data-start=\"1952\" data-end=\"1978\">\n<p data-start=\"1954\" data-end=\"1978\">1 \u00d7 Manuel d\u2019utilisation<\/p>\n<\/li>\n<\/ul>\n<hr data-start=\"1980\" data-end=\"1983\" \/>\n<p data-start=\"1985\" data-end=\"2068\">\u2705 <strong data-start=\"1987\" data-end=\"2003\">Id\u00e9al pour :<\/strong> musique, appels, sport, d\u00e9placements et utilisation quotidienne.<\/p>\n","protected":false},"excerpt":{"rendered":"<p>Profitez d\u2019une libert\u00e9 totale sans fil avec les \u00e9couteurs Bluetooth HOCO EW71. Con\u00e7us pour offrir un son clair, une connexion rapide et un confort optimal, ces \u00e9couteurs sont parfaits pour \u00e9couter de la musique, passer des appels ou regarder des vid\u00e9os o\u00f9 que vous soyez. Gr\u00e2ce \u00e0 leur bo\u00eetier de charge compact, vous pouvez recharger&hellip;<\/p>\n","protected":false},"featured_media":16186,"comment_status":"open","ping_status":"closed","template":"","meta":[],"product_cat":[78],"product_tag":[],"class_list":{"0":"post-16184","1":"product","2":"type-product","3":"status-publish","4":"has-post-thumbnail","6":"product_brand-hoco","7":"product_cat-accessoires","9":"first","10":"instock","11":"sale","12":"shipping-taxable","13":"purchasable","14":"product-type-simple","15":"col-xs-6 col-sm-4","16":"col-md-3 col-lg-3","17":"un-4-cols"},"_links":{"self":[{"href":"https:\/\/www.vazy.market\/index.php\/wp-json\/wp\/v2\/product\/16184","targetHints":{"allow":["GET"]}}],"collection":[{"href":"https:\/\/www.vazy.market\/index.php\/wp-json\/wp\/v2\/product"}],"about":[{"href":"https:\/\/www.vazy.market\/index.php\/wp-json\/wp\/v2\/types\/product"}],"replies":[{"embeddable":true,"href":"https:\/\/www.vazy.market\/index.php\/wp-json\/wp\/v2\/comments?post=16184"}],"wp:featuredmedia":[{"embeddable":true,"href":"https:\/\/www.vazy.market\/index.php\/wp-json\/wp\/v2\/media\/16186"}],"wp:attachment":[{"href":"https:\/\/www.vazy.market\/index.php\/wp-json\/wp\/v2\/media?parent=16184"}],"wp:term":[{"taxonomy":"product_cat","embeddable":true,"href":"https:\/\/www.vazy.market\/index.php\/wp-json\/wp\/v2\/product_cat?post=16184"},{"taxonomy":"product_tag","embeddable":true,"href":"https:\/\/www.vazy.market\/index.php\/wp-json\/wp\/v2\/product_tag?post=16184"}],"curies":[{"name":"wp","href":"https:\/\/api.w.org\/{rel}","templated":true}]}}