{"id":363,"date":"2025-02-02T06:02:52","date_gmt":"2025-02-02T06:02:52","guid":{"rendered":"https:\/\/www.vazy.market\/?page_id=363"},"modified":"2025-02-02T08:19:20","modified_gmt":"2025-02-02T08:19:20","slug":"politique-de-livraison","status":"publish","type":"page","link":"https:\/\/www.vazy.market\/index.php\/politique-de-livraison\/","title":{"rendered":"Politique de livraison"},"content":{"rendered":"\t\t<div data-elementor-type=\"wp-page\" data-elementor-id=\"363\" class=\"elementor elementor-363\">\n\t\t\t\t<div class=\"elementor-element elementor-element-777e40d e-flex e-con-boxed e-con e-parent\" data-id=\"777e40d\" data-element_type=\"container\" data-e-type=\"container\" data-settings=\"{&quot;background_background&quot;:&quot;classic&quot;}\">\n\t\t\t\t\t<div class=\"e-con-inner\">\n\t\t\t\t<div class=\"elementor-element elementor-element-b512216 elementor-widget elementor-widget-text-editor\" data-id=\"b512216\" data-element_type=\"widget\" data-e-type=\"widget\" data-widget_type=\"text-editor.default\">\n\t\t\t\t<div class=\"elementor-widget-container\">\n\t\t\t\t\t\t\t\t\t<h3><span style=\"color: #ffffff; background-color: #ff8000;\">Chez <a class=\"text-entity-link word-break-all\" dir=\"auto\" title=\"https:\/\/vazy.market\/\" href=\"https:\/\/vazy.market\/\" target=\"_blank\" rel=\"noopener noreferrer\" data-entity-type=\"MessageEntityUrl\">Vazy.market<\/a>, nous savons que vous \u00eates impatients de recevoir vos nouvelles trouvailles ! C&rsquo;est pourquoi nous mettons tout en \u0153uvre pour vous livrer rapidement et en toute s\u00e9curit\u00e9. Veuillez lire attentivement notre politique de livraison pour comprendre comment cela fonctionne :<\/span><\/h3>\t\t\t\t\t\t\t\t<\/div>\n\t\t\t\t<\/div>\n\t\t\t\t\t<\/div>\n\t\t\t\t<\/div>\n\t\t<div class=\"elementor-element elementor-element-1e9201f e-flex e-con-boxed e-con e-parent\" data-id=\"1e9201f\" data-element_type=\"container\" data-e-type=\"container\" data-settings=\"{&quot;background_background&quot;:&quot;classic&quot;}\">\n\t\t\t\t\t<div class=\"e-con-inner\">\n\t\t\t\t<div class=\"elementor-element elementor-element-009e1ce elementor-widget elementor-widget-text-editor\" data-id=\"009e1ce\" data-element_type=\"widget\" data-e-type=\"widget\" data-widget_type=\"text-editor.default\">\n\t\t\t\t<div class=\"elementor-widget-container\">\n\t\t\t\t\t\t\t\t\t<p><strong>1. Zones de Livraison<\/strong><\/p><p>Nous livrons actuellement dans les principales villes du Cameroun. Si vous avez un doute sur la possibilit\u00e9 de livraison dans votre localit\u00e9, n&rsquo;h\u00e9sitez pas \u00e0 nous contacter avant de passer commande. Nous travaillons \u00e0 \u00e9tendre nos zones de livraison pour vous servir au mieux.<\/p><p><strong>2. D\u00e9lais de Livraison<\/strong><\/p><p>\u2022\u00a0 Traitement de la commande : Apr\u00e8s confirmation de votre paiement, votre commande sera trait\u00e9e dans un d\u00e9lai de 1 \u00e0 2 jours ouvrables.<br \/>\u2022 D\u00e9lai de livraison : Le d\u00e9lai de livraison d\u00e9pend de votre localisation. G\u00e9n\u00e9ralement, vous recevrez votre commande dans un d\u00e9lai de 1 \u00e0 4 jours ouvrables apr\u00e8s traitement.<br \/>Douala &amp; Yaound\u00e9 : 1 \u00e0 2 jours ouvrables<br \/>Autres zones : 2 \u00e0 4 jours ouvrables<\/p><p>\u2022 Veuillez noter que ces d\u00e9lais sont donn\u00e9s \u00e0 titre indicatif et peuvent varier l\u00e9g\u00e8rement en fonction des conditions de transport et de logistique.<\/p><p><strong>3. Frais de Livraison<\/strong><\/p><p>Les frais de livraison sont calcul\u00e9s en fonction de votre adresse de livraison et du poids\/volume de votre commande. Le montant exact des frais de livraison sera clairement affich\u00e9 lors de votre commande, avant la confirmation de paiement. Nous proposons r\u00e9guli\u00e8rement des promotions sur les frais de livraison. Restez \u00e0 l&rsquo;aff\u00fbt !<\/p><p><strong>4. Suivi de la Commande<\/strong><\/p><p>Apr\u00e8s avoir pass\u00e9 votre commande vous serez contact\u00e9 par un livreur afin de vous informer du d\u00e9roulement de votre livraison<\/p><p><strong>5. Modes de Livraison<\/strong><\/p><p>Nous travaillons avec des partenaires de livraison fiables pour assurer la s\u00e9curit\u00e9 et la rapidit\u00e9 de vos livraisons. La livraison se fait g\u00e9n\u00e9ralement \u00e0 votre domicile ou \u00e0 l&rsquo;adresse de livraison que vous avez indiqu\u00e9e. En cas d&rsquo;absence, notre livreur vous contactera pour convenir d&rsquo;une nouvelle date de livraison.<\/p><p><strong>6. Probl\u00e8mes de Livraison<\/strong><\/p><p>Si vous rencontrez des probl\u00e8mes avec votre livraison (retard, colis endommag\u00e9, etc.), veuillez nous contacter imm\u00e9diatement via notre <span style=\"color: #ffffff; background-color: #ff8000;\"><a href=\"https:\/\/web.facebook.com\/profile.php?id=61571701534217\">page Facebook Vazy-Market<\/a><\/span> ou par email \u00e0 <span style=\"color: #ffffff; background-color: #ff8000;\">support@vazy.market.<\/span> Nous ferons tout notre possible pour r\u00e9soudre le probl\u00e8me rapidement.<\/p><p><strong>7. Modification de l&rsquo;Adresse de Livraison<\/strong><\/p><p>Si vous avez besoin de modifier votre adresse de livraison apr\u00e8s avoir pass\u00e9 commande, veuillez nous contacter d\u00e8s que possible. Nous ferons de notre mieux pour prendre en compte votre demande. Attention, une modification de l&rsquo;adresse de livraison peut entra\u00eener des d\u00e9lais suppl\u00e9mentaires.<\/p><p>8. Retours et \u00c9changes<\/p><p>Pour toute demande de retour ou d&rsquo;\u00e9change, veuillez consulter notre <span style=\"color: #ffffff; background-color: #ff8000;\"><a href=\"https:\/\/www.vazy.market\/index.php\/refund_returns\/\">politique de retours<\/a><\/span>.<\/p><p><strong>9. Engagement Vazy-market<\/strong><\/p><p>Chez Vazy-market, nous nous engageons \u00e0 vous offrir un service de livraison de qualit\u00e9. Nous sommes \u00e0 votre \u00e9coute et ferons de notre mieux pour r\u00e9pondre \u00e0 vos attentes.<\/p><p>En passant commande sur <span style=\"color: #ffffff; background-color: #ff8000;\"><a class=\"text-entity-link word-break-all\" dir=\"auto\" title=\"https:\/\/vazy.market\/\" href=\"https:\/\/vazy.market\/\" target=\"_blank\" rel=\"noopener noreferrer\" data-entity-type=\"MessageEntityUrl\">Vazy.market<\/a><\/span>, vous acceptez notre politique de livraison.<\/p><p><span style=\"color: #ffffff; background-color: #ff8000;\"><a href=\"https:\/\/www.vazy.market\/index.php\/refund_returns\/\">politique de remboursement<\/a><\/span><\/p><p><span style=\"color: #ffffff; background-color: #ff8000;\"><a href=\"https:\/\/www.vazy.market\/index.php\/nous-contacter\/\">Contactez nous<\/a><\/span><\/p>\t\t\t\t\t\t\t\t<\/div>\n\t\t\t\t<\/div>\n\t\t\t\t\t<\/div>\n\t\t\t\t<\/div>\n\t\t\t\t<\/div>\n\t\t","protected":false},"excerpt":{"rendered":"<p>Chez Vazy.market, nous savons que vous \u00eates impatients de recevoir vos nouvelles trouvailles ! C&rsquo;est pourquoi nous mettons tout en \u0153uvre pour vous livrer rapidement et en toute s\u00e9curit\u00e9. Veuillez lire attentivement notre politique de livraison pour comprendre comment cela fonctionne : 1. Zones de Livraison Nous livrons actuellement dans les principales villes du Cameroun.&hellip;<\/p>\n","protected":false},"author":1,"featured_media":0,"parent":0,"menu_order":0,"comment_status":"closed","ping_status":"closed","template":"","meta":{"footnotes":""},"class_list":["post-363","page","type-page","status-publish","hentry"],"_links":{"self":[{"href":"https:\/\/www.vazy.market\/index.php\/wp-json\/wp\/v2\/pages\/363","targetHints":{"allow":["GET"]}}],"collection":[{"href":"https:\/\/www.vazy.market\/index.php\/wp-json\/wp\/v2\/pages"}],"about":[{"href":"https:\/\/www.vazy.market\/index.php\/wp-json\/wp\/v2\/types\/page"}],"author":[{"embeddable":true,"href":"https:\/\/www.vazy.market\/index.php\/wp-json\/wp\/v2\/users\/1"}],"replies":[{"embeddable":true,"href":"https:\/\/www.vazy.market\/index.php\/wp-json\/wp\/v2\/comments?post=363"}],"version-history":[{"count":10,"href":"https:\/\/www.vazy.market\/index.php\/wp-json\/wp\/v2\/pages\/363\/revisions"}],"predecessor-version":[{"id":377,"href":"https:\/\/www.vazy.market\/index.php\/wp-json\/wp\/v2\/pages\/363\/revisions\/377"}],"wp:attachment":[{"href":"https:\/\/www.vazy.market\/index.php\/wp-json\/wp\/v2\/media?parent=363"}],"curies":[{"name":"wp","href":"https:\/\/api.w.org\/{rel}","templated":true}]}}