{"id":336,"date":"2025-02-02T05:08:12","date_gmt":"2025-02-02T05:08:12","guid":{"rendered":"https:\/\/www.vazy.market\/?page_id=336"},"modified":"2025-02-02T06:00:08","modified_gmt":"2025-02-02T06:00:08","slug":"nous-contacter","status":"publish","type":"page","link":"https:\/\/www.vazy.market\/index.php\/nous-contacter\/","title":{"rendered":"Nous contacter"},"content":{"rendered":"\t\t<div data-elementor-type=\"wp-page\" data-elementor-id=\"336\" class=\"elementor elementor-336\">\n\t\t\t\t<div class=\"elementor-element elementor-element-91cee1c e-flex e-con-boxed e-con e-parent\" data-id=\"91cee1c\" data-element_type=\"container\" data-e-type=\"container\" data-settings=\"{&quot;background_background&quot;:&quot;classic&quot;}\">\n\t\t\t\t\t<div class=\"e-con-inner\">\n\t\t\t\t<div class=\"elementor-element elementor-element-c7692e2 elementor-widget elementor-widget-text-editor\" data-id=\"c7692e2\" data-element_type=\"widget\" data-e-type=\"widget\" data-widget_type=\"text-editor.default\">\n\t\t\t\t<div class=\"elementor-widget-container\">\n\t\t\t\t\t\t\t\t\t<h2><span style=\"color: #ffffff; background-color: #ff8000;\">Nous sommes l\u00e0 pour vous aider ! Vous avez une question, une suggestion, ou besoin d&rsquo;assistance ? N&rsquo;h\u00e9sitez pas \u00e0 nous contacter, nous serons ravis de vous r\u00e9pondre.<\/span><\/h2>\t\t\t\t\t\t\t\t<\/div>\n\t\t\t\t<\/div>\n\t\t\t\t\t<\/div>\n\t\t\t\t<\/div>\n\t\t<div class=\"elementor-element elementor-element-993c30c e-flex e-con-boxed e-con e-parent\" data-id=\"993c30c\" data-element_type=\"container\" data-e-type=\"container\" data-settings=\"{&quot;background_background&quot;:&quot;classic&quot;}\">\n\t\t\t\t\t<div class=\"e-con-inner\">\n\t\t\t\t<div class=\"elementor-element elementor-element-6723a87 elementor-widget elementor-widget-text-editor\" data-id=\"6723a87\" data-element_type=\"widget\" data-e-type=\"widget\" data-widget_type=\"text-editor.default\">\n\t\t\t\t<div class=\"elementor-widget-container\">\n\t\t\t\t\t\t\t\t\t<h1><span style=\"color: #ffffff; background-color: #add8e6;\"><strong data-entity-type=\"MessageEntityBold\">Comment nous contacter ?<\/strong><\/span><\/h1>\t\t\t\t\t\t\t\t<\/div>\n\t\t\t\t<\/div>\n\t\t\t\t\t<\/div>\n\t\t\t\t<\/div>\n\t\t<div class=\"elementor-element elementor-element-c6acc25 e-flex e-con-boxed e-con e-parent\" data-id=\"c6acc25\" data-element_type=\"container\" data-e-type=\"container\" data-settings=\"{&quot;background_background&quot;:&quot;classic&quot;}\">\n\t\t\t\t\t<div class=\"e-con-inner\">\n\t\t\t\t<div class=\"elementor-element elementor-element-2da580c elementor-widget elementor-widget-text-editor\" data-id=\"2da580c\" data-element_type=\"widget\" data-e-type=\"widget\" data-widget_type=\"text-editor.default\">\n\t\t\t\t<div class=\"elementor-widget-container\">\n\t\t\t\t\t\t\t\t\t<strong data-entity-type=\"MessageEntityBold\">1. Via notre page Facebook :<\/strong>\n\n\u2022 C&rsquo;est le moyen le plus rapide de nous joindre ! Envoyez-nous un message priv\u00e9 sur <span style=\"color: #ffffff; background-color: #ff8000;\"><a href=\"https:\/\/web.facebook.com\/profile.php?id=61571701534217\">notre page Facebook<\/a><\/span>\n\u2022 Nous r\u00e9pondons g\u00e9n\u00e9ralement dans les plus brefs d\u00e9lais.\n\n<strong data-entity-type=\"MessageEntityBold\">2. Par email :<\/strong>\n\n\u2022 Vous pouvez nous envoyer un email \u00e0 l&rsquo;adresse suivante : <span style=\"color: #ffffff; background-color: #ff8000;\">support@vazy.market<\/span>\n\u2022 Nous nous engageons \u00e0 vous r\u00e9pondre dans un d\u00e9lai de 24 heures (jours ouvrables).\n\n<strong data-entity-type=\"MessageEntityBold\">3. Formulaire de contact :<\/strong>\n\n\u2022 Remplissez le formulaire ci-dessous, et nous vous recontacterons rapidement :\t\t\t\t\t\t\t\t<\/div>\n\t\t\t\t<\/div>\n\t\t\t\t\t<\/div>\n\t\t\t\t<\/div>\n\t\t<div class=\"elementor-element elementor-element-39b6e93 e-flex e-con-boxed e-con e-parent\" data-id=\"39b6e93\" data-element_type=\"container\" data-e-type=\"container\" data-settings=\"{&quot;background_background&quot;:&quot;classic&quot;}\">\n\t\t\t\t\t<div class=\"e-con-inner\">\n\t\t\t\t<div class=\"elementor-element elementor-element-8d12c21 elementor-widget elementor-widget-wpforms\" data-id=\"8d12c21\" data-element_type=\"widget\" data-e-type=\"widget\" data-widget_type=\"wpforms.default\">\n\t\t\t\t<div class=\"elementor-widget-container\">\n\t\t\t\t\t<div class=\"wpforms-container wpforms-container-full wpforms-render-modern\" id=\"wpforms-342\"><form id=\"wpforms-form-342\" class=\"wpforms-validate wpforms-form wpforms-ajax-form\" data-formid=\"342\" method=\"post\" enctype=\"multipart\/form-data\" action=\"\/index.php\/wp-json\/wp\/v2\/pages\/336\" data-token=\"c508d3918ac6836209f6d6a38c29d649\" data-token-time=\"1777405679\"><noscript class=\"wpforms-error-noscript\">Veuillez activer JavaScript dans votre navigateur pour remplir ce formulaire.<\/noscript><div id=\"wpforms-error-noscript\" style=\"display: none;\">Veuillez activer JavaScript dans votre navigateur pour remplir ce formulaire.<\/div><div class=\"wpforms-field-container\"><div id=\"wpforms-342-field_1-container\" class=\"wpforms-field wpforms-field-name\" data-field-id=\"1\"><fieldset><legend class=\"wpforms-field-label\">Nom <span class=\"wpforms-required-label\" aria-hidden=\"true\">*<\/span><\/legend><div class=\"wpforms-field-row wpforms-field-medium\"><div class=\"wpforms-field-row-block wpforms-first wpforms-one-half\"><input type=\"text\" id=\"wpforms-342-field_1\" class=\"wpforms-field-name-first wpforms-field-required\" name=\"wpforms[fields][1][first]\" aria-errormessage=\"wpforms-342-field_1-error\" required><label for=\"wpforms-342-field_1\" class=\"wpforms-field-sublabel after\">Pr\u00e9nom<\/label><\/div><div class=\"wpforms-field-row-block wpforms-one-half\"><input type=\"text\" id=\"wpforms-342-field_1-last\" class=\"wpforms-field-name-last wpforms-field-required\" name=\"wpforms[fields][1][last]\" aria-errormessage=\"wpforms-342-field_1-last-error\" required><label for=\"wpforms-342-field_1-last\" class=\"wpforms-field-sublabel after\">Nom<\/label><\/div><\/div><\/fieldset><\/div>\t\t<div id=\"wpforms-342-field_4-container\"\n\t\t\tclass=\"wpforms-field wpforms-field-text\"\n\t\t\tdata-field-type=\"text\"\n\t\t\tdata-field-id=\"4\"\n\t\t\t>\n\t\t\t<label class=\"wpforms-field-label\" for=\"wpforms-342-field_4\" >Saisissez de votre<\/label>\n\t\t\t<input type=\"text\" id=\"wpforms-342-field_4\" class=\"wpforms-field-medium\" name=\"wpforms[fields][4]\" >\n\t\t<\/div>\n\t\t<div id=\"wpforms-342-field_2-container\" class=\"wpforms-field wpforms-field-email\" data-field-id=\"2\"><label class=\"wpforms-field-label\" for=\"wpforms-342-field_2\">E-mail <span class=\"wpforms-required-label\" aria-hidden=\"true\">*<\/span><\/label><input type=\"email\" id=\"wpforms-342-field_2\" class=\"wpforms-field-medium wpforms-field-required\" name=\"wpforms[fields][2]\" spellcheck=\"false\" aria-errormessage=\"wpforms-342-field_2-error\" required><\/div><div id=\"wpforms-342-field_3-container\" class=\"wpforms-field wpforms-field-number\" data-field-id=\"3\"><label class=\"wpforms-field-label\" for=\"wpforms-342-field_3\">Num\u00e9ro de t\u00e9l\u00e9phone <span class=\"wpforms-required-label\" aria-hidden=\"true\">*<\/span><\/label><input type=\"number\" id=\"wpforms-342-field_3\" class=\"wpforms-field-medium wpforms-field-required\" name=\"wpforms[fields][3]\" step=\"any\" aria-errormessage=\"wpforms-342-field_3-error\" required><\/div><div id=\"wpforms-342-field_5-container\" class=\"wpforms-field wpforms-field-select wpforms-field-select-style-classic\" data-field-id=\"5\"><label class=\"wpforms-field-label\" for=\"wpforms-342-field_5\">Objet de votre message <span class=\"wpforms-required-label\" aria-hidden=\"true\">*<\/span><\/label><select id=\"wpforms-342-field_5\" class=\"wpforms-field-medium wpforms-field-required\" name=\"wpforms[fields][5]\" required=\"required\"><option value=\"Commande\"  class=\"choice-1 depth-1\"  >Commande<\/option><option value=\"Livraison\"  class=\"choice-2 depth-1\"  >Livraison<\/option><option value=\"Produit\"  class=\"choice-4 depth-1\"  >Produit<\/option><option value=\"Autre\"  class=\"choice-5 depth-1\"  >Autre<\/option><\/select><\/div><div id=\"wpforms-342-field_6-container\" class=\"wpforms-field wpforms-field-textarea\" data-field-id=\"6\"><label class=\"wpforms-field-label\" for=\"wpforms-342-field_6\">Saisissez votre message<\/label><textarea id=\"wpforms-342-field_6\" class=\"wpforms-field-medium\" name=\"wpforms[fields][6]\" aria-errormessage=\"wpforms-342-field_6-error\" ><\/textarea><\/div><script>\n\t\t\t\t( function() {\n\t\t\t\t\tconst style = document.createElement( 'style' );\n\t\t\t\t\tstyle.appendChild( document.createTextNode( '#wpforms-342-field_4-container { position: absolute !important; overflow: hidden !important; display: inline !important; height: 1px !important; width: 1px !important; z-index: -1000 !important; padding: 0 !important; } #wpforms-342-field_4-container input { visibility: hidden; } #wpforms-conversational-form-page #wpforms-342-field_4-container label { counter-increment: none; }' ) );\n\t\t\t\t\tdocument.head.appendChild( style );\n\t\t\t\t\tdocument.currentScript?.remove();\n\t\t\t\t} )();\n\t\t\t<\/script><\/div><!-- .wpforms-field-container --><div class=\"wpforms-submit-container\" ><input type=\"hidden\" name=\"wpforms[id]\" value=\"342\"><input type=\"hidden\" name=\"page_title\" value=\"\"><input type=\"hidden\" name=\"page_url\" value=\"https:\/\/www.vazy.market\/index.php\/wp-json\/wp\/v2\/pages\/336\"><input type=\"hidden\" name=\"url_referer\" value=\"\"><button type=\"submit\" name=\"wpforms[submit]\" id=\"wpforms-submit-342\" class=\"wpforms-submit\" data-alt-text=\"Envoi...\" data-submit-text=\"Envoyer\" aria-live=\"assertive\" value=\"wpforms-submit\">Envoyer<\/button><img decoding=\"async\" src=\"https:\/\/www.vazy.market\/wp-content\/plugins\/wpforms-lite\/assets\/images\/submit-spin.svg\" class=\"wpforms-submit-spinner\" style=\"display: none;\" width=\"26\" height=\"26\" alt=\"Chargement en cours\"><\/div><\/form><\/div>  <!-- .wpforms-container -->\t\t\t\t<\/div>\n\t\t\t\t<\/div>\n\t\t\t\t\t<\/div>\n\t\t\t\t<\/div>\n\t\t<div class=\"elementor-element elementor-element-90a3131 e-flex e-con-boxed e-con e-parent\" data-id=\"90a3131\" data-element_type=\"container\" data-e-type=\"container\" data-settings=\"{&quot;background_background&quot;:&quot;classic&quot;}\">\n\t\t\t\t\t<div class=\"e-con-inner\">\n\t\t\t\t<div class=\"elementor-element elementor-element-4f61fa1 elementor-widget elementor-widget-text-editor\" data-id=\"4f61fa1\" data-element_type=\"widget\" data-e-type=\"widget\" data-widget_type=\"text-editor.default\">\n\t\t\t\t<div class=\"elementor-widget-container\">\n\t\t\t\t\t\t\t\t\t<p><strong data-entity-type=\"MessageEntityBold\">4. Par t\u00e9l\u00e9phone :<\/strong><\/p><p>\u2022 Si vous pr\u00e9f\u00e9rez nous appeler, vous pouvez nous joindre aux num\u00e9ros suivants : +237 656 544 162, +237 650 754 076.<\/p><p><strong data-entity-type=\"MessageEntityBold\">Informations suppl\u00e9mentaires :<\/strong><\/p><p>\u2022 <strong data-entity-type=\"MessageEntityBold\">Besoin d&rsquo;aide avec une commande ?<\/strong>\u00a0<\/p><p>Pensez \u00e0 nous indiquer votre num\u00e9ro de commande afin que nous puissions traiter votre demande plus rapidement.<br \/>\u2022 <strong data-entity-type=\"MessageEntityBold\">Vous avez une question sur un produit ?<\/strong>\u00a0<\/p><p>N&rsquo;h\u00e9sitez pas \u00e0 nous envoyer le lien du produit ou sa r\u00e9f\u00e9rence.<br \/>\u2022 <strong data-entity-type=\"MessageEntityBold\">Vous souhaitez faire une r\u00e9clamation ?<\/strong>\u00a0<\/p><p>Expliquez-nous clairement la situation, et nous ferons tout notre possible pour trouver une solution.<\/p><p><strong data-entity-type=\"MessageEntityBold\">Notre engagement :<\/strong><\/p><p>Nous sommes \u00e0 votre \u00e9coute et nous nous engageons \u00e0 vous apporter une assistance rapide et efficace. Votre satisfaction est notre priorit\u00e9.<\/p><p>\u00a0<\/p>\t\t\t\t\t\t\t\t<\/div>\n\t\t\t\t<\/div>\n\t\t\t\t\t<\/div>\n\t\t\t\t<\/div>\n\t\t\t\t<\/div>\n\t\t","protected":false},"excerpt":{"rendered":"<p>Nous sommes l\u00e0 pour vous aider ! Vous avez une question, une suggestion, ou besoin d&rsquo;assistance ? N&rsquo;h\u00e9sitez pas \u00e0 nous contacter, nous serons ravis de vous r\u00e9pondre. Comment nous contacter ? 1. Via notre page Facebook : \u2022 C&rsquo;est le moyen le plus rapide de nous joindre ! Envoyez-nous un message priv\u00e9 sur notre&hellip;<\/p>\n","protected":false},"author":1,"featured_media":0,"parent":0,"menu_order":0,"comment_status":"closed","ping_status":"closed","template":"","meta":{"footnotes":""},"class_list":["post-336","page","type-page","status-publish","hentry"],"_links":{"self":[{"href":"https:\/\/www.vazy.market\/index.php\/wp-json\/wp\/v2\/pages\/336","targetHints":{"allow":["GET"]}}],"collection":[{"href":"https:\/\/www.vazy.market\/index.php\/wp-json\/wp\/v2\/pages"}],"about":[{"href":"https:\/\/www.vazy.market\/index.php\/wp-json\/wp\/v2\/types\/page"}],"author":[{"embeddable":true,"href":"https:\/\/www.vazy.market\/index.php\/wp-json\/wp\/v2\/users\/1"}],"replies":[{"embeddable":true,"href":"https:\/\/www.vazy.market\/index.php\/wp-json\/wp\/v2\/comments?post=336"}],"version-history":[{"count":16,"href":"https:\/\/www.vazy.market\/index.php\/wp-json\/wp\/v2\/pages\/336\/revisions"}],"predecessor-version":[{"id":359,"href":"https:\/\/www.vazy.market\/index.php\/wp-json\/wp\/v2\/pages\/336\/revisions\/359"}],"wp:attachment":[{"href":"https:\/\/www.vazy.market\/index.php\/wp-json\/wp\/v2\/media?parent=336"}],"curies":[{"name":"wp","href":"https:\/\/api.w.org\/{rel}","templated":true}]}}