{"id":30,"date":"2025-01-22T16:57:04","date_gmt":"2025-01-22T16:57:04","guid":{"rendered":"http:\/\/www.vazy.market\/index.php\/cart\/"},"modified":"2025-01-31T03:37:44","modified_gmt":"2025-01-31T03:37:44","slug":"cart","status":"publish","type":"page","link":"https:\/\/www.vazy.market\/index.php\/cart\/","title":{"rendered":"Panier"},"content":{"rendered":"\n<div data-block-name=\"woocommerce\/cart\" class=\"wp-block-woocommerce-cart alignwide is-loading\">\n<div data-block-name=\"woocommerce\/filled-cart-block\" class=\"wp-block-woocommerce-filled-cart-block\">\n<div data-block-name=\"woocommerce\/cart-items-block\" class=\"wp-block-woocommerce-cart-items-block\">\n<div data-block-name=\"woocommerce\/cart-line-items-block\" class=\"wp-block-woocommerce-cart-line-items-block\"><\/div>\n\n\n\n<div data-block-name=\"woocommerce\/cart-cross-sells-block\" class=\"wp-block-woocommerce-cart-cross-sells-block\">\n<h2 class=\"wp-block-heading has-large-font-size\">You may be interested in\u2026<\/h2>\n\n\n\n<div data-block-name=\"woocommerce\/cart-cross-sells-products-block\" class=\"wp-block-woocommerce-cart-cross-sells-products-block\"><\/div>\n<\/div>\n<\/div>\n\n\n\n<div data-block-name=\"woocommerce\/cart-totals-block\" class=\"wp-block-woocommerce-cart-totals-block\">\n<div data-block-name=\"woocommerce\/cart-order-summary-block\" class=\"wp-block-woocommerce-cart-order-summary-block\">\n<div data-block-name=\"woocommerce\/cart-order-summary-heading-block\" data-content=\"Total panier\" class=\"wp-block-woocommerce-cart-order-summary-heading-block\"><\/div>\n\n\n\n<div data-block-name=\"woocommerce\/cart-order-summary-coupon-form-block\" class=\"wp-block-woocommerce-cart-order-summary-coupon-form-block\"><\/div>\n\n\n\n<div data-block-name=\"woocommerce\/cart-order-summary-totals-block\" class=\"wp-block-woocommerce-cart-order-summary-totals-block\">\n<div data-block-name=\"woocommerce\/cart-order-summary-subtotal-block\" class=\"wp-block-woocommerce-cart-order-summary-subtotal-block\"><\/div>\n\n\n\n<div data-block-name=\"woocommerce\/cart-order-summary-fee-block\" class=\"wp-block-woocommerce-cart-order-summary-fee-block\"><\/div>\n\n\n\n<div data-block-name=\"woocommerce\/cart-order-summary-discount-block\" class=\"wp-block-woocommerce-cart-order-summary-discount-block\"><\/div>\n\n\n\n<div data-block-name=\"woocommerce\/cart-order-summary-shipping-block\" class=\"wp-block-woocommerce-cart-order-summary-shipping-block\"><\/div>\n\n\n\n<div data-block-name=\"woocommerce\/cart-order-summary-taxes-block\" class=\"wp-block-woocommerce-cart-order-summary-taxes-block\"><\/div>\n<\/div>\n<\/div>\n\n\n\n<div data-block-name=\"woocommerce\/cart-express-payment-block\" class=\"wp-block-woocommerce-cart-express-payment-block\"><\/div>\n\n\n\n<div data-block-name=\"woocommerce\/proceed-to-checkout-block\" class=\"wp-block-woocommerce-proceed-to-checkout-block\"><\/div>\n\n\n\n<div data-block-name=\"woocommerce\/cart-accepted-payment-methods-block\" class=\"wp-block-woocommerce-cart-accepted-payment-methods-block\"><\/div>\n<\/div>\n<\/div>\n\n\n\n<div data-block-name=\"woocommerce\/empty-cart-block\" class=\"wp-block-woocommerce-empty-cart-block\">\n<h2 class=\"wp-block-heading has-text-align-center with-empty-cart-icon wc-block-cart__empty-cart__title\">Votre panier est actuellement vide !<\/h2>\n\n\n\n<hr class=\"wp-block-separator has-alpha-channel-opacity is-style-dots\"\/>\n\n\n\n<h2 class=\"wp-block-heading has-text-align-center\">D\u00e9couvrez vos futurs gadgets pr\u00e9f\u00e9r\u00e9s en parcourant notre <a href=\"https:\/\/www.vazy.market\/index.php\/shop\/\" data-type=\"link\" data-id=\"https:\/\/www.vazy.market\/index.php\/shop\/\">catalogue<\/a><\/h2>\n\n\n<div data-block-name=\"woocommerce\/product-new\" data-columns=\"4\" data-rows=\"1\" class=\"wc-block-grid wp-block-product-new wp-block-woocommerce-product-new wc-block-product-new has-4-columns\"><ul class=\"wc-block-grid__products\"><li class=\"wc-block-grid__product\">\n\t\t\t\t<a href=\"https:\/\/www.vazy.market\/index.php\/product\/tablette-samsung-galaxy-tab-a8-2021-10-5-64go-4go-ram-4g\/\" class=\"wc-block-grid__product-link\">\n\t\t\t\t\t<div class=\"wc-block-grid__product-onsale\">\n\t\t\t<span aria-hidden=\"true\">Promo<\/span>\n\t\t\t<span class=\"screen-reader-text\">Produit en promotion<\/span>\n\t\t<\/div>\n\t\t\t\t\t<div class=\"wc-block-grid__product-image\"><img fetchpriority=\"high\" decoding=\"async\" width=\"300\" height=\"300\" src=\"https:\/\/www.vazy.market\/wp-content\/uploads\/2026\/04\/0076105_tablette-samsung-galaxy-tab-a8-2021-105-64-go4go-ram-1-sim-8mp5mp-7040mah-24-mois-de-garantie_550-300x300.jpeg\" class=\"attachment-woocommerce_thumbnail size-woocommerce_thumbnail\" alt=\"\ud83d\udcf1 Tablette Samsung Galaxy Tab A8 (2021) \u2013 10.5&quot; | 64Go | 4Go RAM | 4G\" srcset=\"https:\/\/www.vazy.market\/wp-content\/uploads\/2026\/04\/0076105_tablette-samsung-galaxy-tab-a8-2021-105-64-go4go-ram-1-sim-8mp5mp-7040mah-24-mois-de-garantie_550-300x300.jpeg 300w, https:\/\/www.vazy.market\/wp-content\/uploads\/2026\/04\/0076105_tablette-samsung-galaxy-tab-a8-2021-105-64-go4go-ram-1-sim-8mp5mp-7040mah-24-mois-de-garantie_550-150x150.jpeg 150w, https:\/\/www.vazy.market\/wp-content\/uploads\/2026\/04\/0076105_tablette-samsung-galaxy-tab-a8-2021-105-64-go4go-ram-1-sim-8mp5mp-7040mah-24-mois-de-garantie_550-370x370.jpeg 370w, https:\/\/www.vazy.market\/wp-content\/uploads\/2026\/04\/0076105_tablette-samsung-galaxy-tab-a8-2021-105-64-go4go-ram-1-sim-8mp5mp-7040mah-24-mois-de-garantie_550-100x100.jpeg 100w, https:\/\/www.vazy.market\/wp-content\/uploads\/2026\/04\/0076105_tablette-samsung-galaxy-tab-a8-2021-105-64-go4go-ram-1-sim-8mp5mp-7040mah-24-mois-de-garantie_550-64x64.jpeg 64w, https:\/\/www.vazy.market\/wp-content\/uploads\/2026\/04\/0076105_tablette-samsung-galaxy-tab-a8-2021-105-64-go4go-ram-1-sim-8mp5mp-7040mah-24-mois-de-garantie_550.jpeg 550w\" sizes=\"(max-width: 300px) 100vw, 300px\" \/><\/div>\n\t\t\t\t\t<div class=\"wc-block-grid__product-title\">\ud83d\udcf1 Tablette Samsung Galaxy Tab A8 (2021) \u2013 10.5&Prime; | 64Go | 4Go RAM | 4G<\/div>\n\t\t\t\t<\/a>\n\t\t\t\t<div class=\"wc-block-grid__product-price price\"><ins><span class=\"woocommerce-Price-amount amount\">219900&nbsp;<span class=\"woocommerce-Price-currencySymbol\">CFA<\/span><\/span><\/ins><del><span class=\"woocommerce-Price-amount amount\">250000&nbsp;<span class=\"woocommerce-Price-currencySymbol\">CFA<\/span><\/span><\/del><\/div>\n\t\t\t\t\n\t\t\t\t<div class=\"wp-block-button wc-block-grid__product-add-to-cart\"><a href=\"\/index.php\/wp-json\/wp\/v2\/pages\/30?add-to-cart=17767\" aria-label=\"Ajouter au panier\u00a0: &ldquo;\ud83d\udcf1 Tablette Samsung Galaxy Tab A8 (2021) \u2013 10.5&quot; | 64Go | 4Go RAM | 4G&rdquo;\" data-quantity=\"1\" data-product_id=\"17767\" data-product_sku=\"\" data-price=\"219900\" rel=\"nofollow\" class=\"wp-block-button__link  add_to_cart_button ajax_add_to_cart\">Ajouter au panier<\/a><\/div>\n\t\t\t<\/li><li class=\"wc-block-grid__product\">\n\t\t\t\t<a href=\"https:\/\/www.vazy.market\/index.php\/product\/sony-playstation-4-ps4-1tb-console-gaming-full-hd\/\" class=\"wc-block-grid__product-link\">\n\t\t\t\t\t<div class=\"wc-block-grid__product-onsale\">\n\t\t\t<span aria-hidden=\"true\">Promo<\/span>\n\t\t\t<span class=\"screen-reader-text\">Produit en promotion<\/span>\n\t\t<\/div>\n\t\t\t\t\t<div class=\"wc-block-grid__product-image\"><img decoding=\"async\" width=\"300\" height=\"300\" src=\"https:\/\/www.vazy.market\/wp-content\/uploads\/2026\/04\/0091301_playstation-4-sony-slim-1tera-pucer-avec-15-jeux-une-manette-occasion_415-300x300.webp\" class=\"attachment-woocommerce_thumbnail size-woocommerce_thumbnail\" alt=\"\ud83c\udfae Sony PlayStation 4 (PS4) \u2013 1TB | Console Gaming | Full HD\" srcset=\"https:\/\/www.vazy.market\/wp-content\/uploads\/2026\/04\/0091301_playstation-4-sony-slim-1tera-pucer-avec-15-jeux-une-manette-occasion_415-300x300.webp 300w, https:\/\/www.vazy.market\/wp-content\/uploads\/2026\/04\/0091301_playstation-4-sony-slim-1tera-pucer-avec-15-jeux-une-manette-occasion_415-150x150.webp 150w, https:\/\/www.vazy.market\/wp-content\/uploads\/2026\/04\/0091301_playstation-4-sony-slim-1tera-pucer-avec-15-jeux-une-manette-occasion_415-370x370.webp 370w, https:\/\/www.vazy.market\/wp-content\/uploads\/2026\/04\/0091301_playstation-4-sony-slim-1tera-pucer-avec-15-jeux-une-manette-occasion_415-100x100.webp 100w, https:\/\/www.vazy.market\/wp-content\/uploads\/2026\/04\/0091301_playstation-4-sony-slim-1tera-pucer-avec-15-jeux-une-manette-occasion_415-64x64.webp 64w, https:\/\/www.vazy.market\/wp-content\/uploads\/2026\/04\/0091301_playstation-4-sony-slim-1tera-pucer-avec-15-jeux-une-manette-occasion_415.webp 415w\" sizes=\"(max-width: 300px) 100vw, 300px\" \/><\/div>\n\t\t\t\t\t<div class=\"wc-block-grid__product-title\">\ud83c\udfae Sony PlayStation 4 (PS4) \u2013 1TB | Console Gaming | Full HD<\/div>\n\t\t\t\t<\/a>\n\t\t\t\t<div class=\"wc-block-grid__product-price price\"><ins><span class=\"woocommerce-Price-amount amount\">189900&nbsp;<span class=\"woocommerce-Price-currencySymbol\">CFA<\/span><\/span><\/ins><del><span class=\"woocommerce-Price-amount amount\">250000&nbsp;<span class=\"woocommerce-Price-currencySymbol\">CFA<\/span><\/span><\/del><\/div>\n\t\t\t\t\n\t\t\t\t<div class=\"wp-block-button wc-block-grid__product-add-to-cart\"><a href=\"\/index.php\/wp-json\/wp\/v2\/pages\/30?add-to-cart=17763\" aria-label=\"Ajouter au panier\u00a0: &ldquo;\ud83c\udfae Sony PlayStation 4 (PS4) \u2013 1TB | Console Gaming | Full HD&rdquo;\" data-quantity=\"1\" data-product_id=\"17763\" data-product_sku=\"\" data-price=\"189900\" rel=\"nofollow\" class=\"wp-block-button__link  add_to_cart_button ajax_add_to_cart\">Ajouter au panier<\/a><\/div>\n\t\t\t<\/li><li class=\"wc-block-grid__product\">\n\t\t\t\t<a href=\"https:\/\/www.vazy.market\/index.php\/product\/sony-playstation-5-ps5-1tb-ultra-hd-4k-puissance-next-gen\/\" class=\"wc-block-grid__product-link\">\n\t\t\t\t\t<div class=\"wc-block-grid__product-onsale\">\n\t\t\t<span aria-hidden=\"true\">Promo<\/span>\n\t\t\t<span class=\"screen-reader-text\">Produit en promotion<\/span>\n\t\t<\/div>\n\t\t\t\t\t<div class=\"wc-block-grid__product-image\"><img decoding=\"async\" width=\"300\" height=\"163\" src=\"https:\/\/www.vazy.market\/wp-content\/uploads\/2026\/04\/telechargement-64-300x163.jpeg\" class=\"attachment-woocommerce_thumbnail size-woocommerce_thumbnail\" alt=\"\ud83c\udfae Sony PlayStation 5 (PS5) \u2013 1TB | Ultra HD 4K | Puissance Next-Gen\" srcset=\"https:\/\/www.vazy.market\/wp-content\/uploads\/2026\/04\/telechargement-64-300x163.jpeg 300w, https:\/\/www.vazy.market\/wp-content\/uploads\/2026\/04\/telechargement-64-64x34.jpeg 64w\" sizes=\"(max-width: 300px) 100vw, 300px\" \/><\/div>\n\t\t\t\t\t<div class=\"wc-block-grid__product-title\">\ud83c\udfae Sony PlayStation 5 (PS5) \u2013 1TB | Ultra HD 4K | Puissance Next-Gen<\/div>\n\t\t\t\t<\/a>\n\t\t\t\t<div class=\"wc-block-grid__product-price price\"><ins><span class=\"woocommerce-Price-amount amount\">415000&nbsp;<span class=\"woocommerce-Price-currencySymbol\">CFA<\/span><\/span><\/ins><del><span class=\"woocommerce-Price-amount amount\">600000&nbsp;<span class=\"woocommerce-Price-currencySymbol\">CFA<\/span><\/span><\/del><\/div>\n\t\t\t\t\n\t\t\t\t<div class=\"wp-block-button wc-block-grid__product-add-to-cart\"><a href=\"\/index.php\/wp-json\/wp\/v2\/pages\/30?add-to-cart=17760\" aria-label=\"Ajouter au panier\u00a0: &ldquo;\ud83c\udfae Sony PlayStation 5 (PS5) \u2013 1TB | Ultra HD 4K | Puissance Next-Gen&rdquo;\" data-quantity=\"1\" data-product_id=\"17760\" data-product_sku=\"\" data-price=\"415000\" rel=\"nofollow\" class=\"wp-block-button__link  add_to_cart_button ajax_add_to_cart\">Ajouter au panier<\/a><\/div>\n\t\t\t<\/li><li class=\"wc-block-grid__product\">\n\t\t\t\t<a href=\"https:\/\/www.vazy.market\/index.php\/product\/smart-tv-samsung-50-crystal-uhd-4k-ua50u8000-wi-fi-bluetooth\/\" class=\"wc-block-grid__product-link\">\n\t\t\t\t\t<div class=\"wc-block-grid__product-onsale\">\n\t\t\t<span aria-hidden=\"true\">Promo<\/span>\n\t\t\t<span class=\"screen-reader-text\">Produit en promotion<\/span>\n\t\t<\/div>\n\t\t\t\t\t<div class=\"wc-block-grid__product-image\"><img loading=\"lazy\" decoding=\"async\" width=\"150\" height=\"137\" src=\"https:\/\/www.vazy.market\/wp-content\/uploads\/2026\/04\/Tne0A89Y7KmfXGC0q1fs74kw6Pa7qxxQ.jpg\" class=\"attachment-woocommerce_thumbnail size-woocommerce_thumbnail\" alt=\"\ud83d\udcfa Smart TV SAMSUNG 50\u201d \u2013 Crystal UHD 4K | UA50U8000 | Wi-Fi &amp; Bluetooth\" srcset=\"https:\/\/www.vazy.market\/wp-content\/uploads\/2026\/04\/Tne0A89Y7KmfXGC0q1fs74kw6Pa7qxxQ.jpg 150w, https:\/\/www.vazy.market\/wp-content\/uploads\/2026\/04\/Tne0A89Y7KmfXGC0q1fs74kw6Pa7qxxQ-64x58.jpg 64w\" sizes=\"(max-width: 150px) 100vw, 150px\" \/><\/div>\n\t\t\t\t\t<div class=\"wc-block-grid__product-title\">\ud83d\udcfa Smart TV SAMSUNG 50\u201d \u2013 Crystal UHD 4K | UA50U8000 | Wi-Fi &amp; Bluetooth<\/div>\n\t\t\t\t<\/a>\n\t\t\t\t<div class=\"wc-block-grid__product-price price\"><ins><span class=\"woocommerce-Price-amount amount\">315000&nbsp;<span class=\"woocommerce-Price-currencySymbol\">CFA<\/span><\/span><\/ins><del><span class=\"woocommerce-Price-amount amount\">355000&nbsp;<span class=\"woocommerce-Price-currencySymbol\">CFA<\/span><\/span><\/del><\/div>\n\t\t\t\t\n\t\t\t\t<div class=\"wp-block-button wc-block-grid__product-add-to-cart\"><a href=\"\/index.php\/wp-json\/wp\/v2\/pages\/30?add-to-cart=17723\" aria-label=\"Ajouter au panier\u00a0: &ldquo;\ud83d\udcfa Smart TV SAMSUNG 50\u201d \u2013 Crystal UHD 4K | UA50U8000 | Wi-Fi &amp; Bluetooth&rdquo;\" data-quantity=\"1\" data-product_id=\"17723\" data-product_sku=\"\" data-price=\"315000\" rel=\"nofollow\" class=\"wp-block-button__link  add_to_cart_button ajax_add_to_cart\">Ajouter au panier<\/a><\/div>\n\t\t\t<\/li><\/ul><\/div><\/div>\n<\/div>\n","protected":false},"excerpt":{"rendered":"","protected":false},"author":1,"featured_media":0,"parent":0,"menu_order":0,"comment_status":"closed","ping_status":"closed","template":"","meta":{"footnotes":""},"class_list":["post-30","page","type-page","status-publish","hentry"],"_links":{"self":[{"href":"https:\/\/www.vazy.market\/index.php\/wp-json\/wp\/v2\/pages\/30","targetHints":{"allow":["GET"]}}],"collection":[{"href":"https:\/\/www.vazy.market\/index.php\/wp-json\/wp\/v2\/pages"}],"about":[{"href":"https:\/\/www.vazy.market\/index.php\/wp-json\/wp\/v2\/types\/page"}],"author":[{"embeddable":true,"href":"https:\/\/www.vazy.market\/index.php\/wp-json\/wp\/v2\/users\/1"}],"replies":[{"embeddable":true,"href":"https:\/\/www.vazy.market\/index.php\/wp-json\/wp\/v2\/comments?post=30"}],"version-history":[{"count":3,"href":"https:\/\/www.vazy.market\/index.php\/wp-json\/wp\/v2\/pages\/30\/revisions"}],"predecessor-version":[{"id":300,"href":"https:\/\/www.vazy.market\/index.php\/wp-json\/wp\/v2\/pages\/30\/revisions\/300"}],"wp:attachment":[{"href":"https:\/\/www.vazy.market\/index.php\/wp-json\/wp\/v2\/media?parent=30"}],"curies":[{"name":"wp","href":"https:\/\/api.w.org\/{rel}","templated":true}]}}